{"id":8157,"date":"2024-11-20T09:13:20","date_gmt":"2024-11-20T08:13:20","guid":{"rendered":"https:\/\/bokoto.es\/club-bokoto\/"},"modified":"2025-04-17T09:25:55","modified_gmt":"2025-04-17T07:25:55","slug":"club-bokoto","status":"publish","type":"page","link":"https:\/\/bokoto.es\/ca\/club-bokoto\/","title":{"rendered":"Club Bokoto"},"content":{"rendered":"\t\t<div data-elementor-type=\"wp-page\" data-elementor-id=\"8157\" class=\"elementor elementor-8157 elementor-6848\" data-elementor-post-type=\"page\">\n\t\t\t\t\t\t<section class=\"elementor-section elementor-top-section elementor-element elementor-element-6e8fa34 elementor-section-height-min-height elementor-section-items-top elementor-section-content-middle elementor-section-boxed elementor-section-height-default\" data-id=\"6e8fa34\" data-element_type=\"section\">\n\t\t\t\t\t\t<div class=\"elementor-container elementor-column-gap-default\">\n\t\t\t\t\t<div class=\"elementor-column elementor-col-100 elementor-top-column elementor-element elementor-element-3a6ef3d\" data-id=\"3a6ef3d\" data-element_type=\"column\">\n\t\t\t<div class=\"elementor-widget-wrap elementor-element-populated\">\n\t\t\t\t\t\t<section class=\"elementor-section elementor-inner-section elementor-element elementor-element-f9ac3d5 elementor-section-boxed elementor-section-height-default elementor-section-height-default\" data-id=\"f9ac3d5\" data-element_type=\"section\">\n\t\t\t\t\t\t<div class=\"elementor-container elementor-column-gap-default\">\n\t\t\t\t\t<div class=\"elementor-column elementor-col-100 elementor-inner-column elementor-element elementor-element-4295a30\" data-id=\"4295a30\" data-element_type=\"column\">\n\t\t\t<div class=\"elementor-widget-wrap elementor-element-populated\">\n\t\t\t\t\t\t<div class=\"elementor-element elementor-element-1861494 animated-slow subtitle-comida elementor-invisible elementor-widget elementor-widget-icon-box\" data-id=\"1861494\" data-element_type=\"widget\" data-settings=\"{&quot;_animation&quot;:&quot;fadeInDown&quot;,&quot;motion_fx_motion_fx_scrolling&quot;:&quot;yes&quot;,&quot;motion_fx_devices&quot;:[&quot;desktop&quot;,&quot;tablet&quot;,&quot;mobile&quot;]}\" data-widget_type=\"icon-box.default\">\n\t\t\t\t<div class=\"elementor-widget-container\">\n\t\t\t\t\t\t\t<div class=\"elementor-icon-box-wrapper\">\n\n\t\t\t\n\t\t\t\t\t\t<div class=\"elementor-icon-box-content\">\n\n\t\t\t\t\t\t\t\t\t<h1 class=\"elementor-icon-box-title\">\n\t\t\t\t\t\t<span  >\n\t\t\t\t\t\t\tClub bokoto\t\t\t\t\t\t<\/span>\n\t\t\t\t\t<\/h1>\n\t\t\t\t\n\t\t\t\t\t\t\t\t\t<p class=\"elementor-icon-box-description\">\n\t\t\t\t\t\tgaudeix d'all\u00f2 m\u00e9s exclusiu\n\t\t\t\t\t<\/p>\n\t\t\t\t\n\t\t\t<\/div>\n\t\t\t\n\t\t<\/div>\n\t\t\t\t\t\t<\/div>\n\t\t\t\t<\/div>\n\t\t\t\t<div class=\"elementor-element elementor-element-3e2166c elementor-invisible elementor-widget elementor-widget-text-editor\" data-id=\"3e2166c\" data-element_type=\"widget\" data-settings=\"{&quot;_animation&quot;:&quot;fadeIn&quot;}\" data-widget_type=\"text-editor.default\">\n\t\t\t\t<div class=\"elementor-widget-container\">\n\t\t\t\t\t\t\t\t\t<p>A Bokoto cada plat \u00e9s una expressi\u00f3 de l&#8217;aut\u00e8ntica cuina japonesa. Un viatge sensorial on la simplicitat i l&#8217;harmonia es troben en cada creaci\u00f3, elevant l&#8217;art de la gastronomia nipona. <\/p>\n\t\t\t\t\t\t\t\t<\/div>\n\t\t\t\t<\/div>\n\t\t\t\t\t<\/div>\n\t\t<\/div>\n\t\t\t\t\t<\/div>\n\t\t<\/section>\n\t\t\t\t<div class=\"elementor-element elementor-element-2470681 elementor-widget elementor-widget-html\" data-id=\"2470681\" data-element_type=\"widget\" data-widget_type=\"html.default\">\n\t\t\t\t<div class=\"elementor-widget-container\">\n\t\t\t\t\t \t\t\t\t\t<script type=\"text\/javascript\">\n\t\t\t\t\t\tvar gCaptchaSibWidget;\n                        var onloadSibCallbackInvisible = function () {\n\n                            var element = document.getElementsByClassName('sib-default-btn');\n                            var countInvisible = 0;\n                            var indexArray = [];\n                            jQuery('.sib-default-btn').each(function (index, el) {\n                                if ((jQuery(el).attr('id') == \"invisible\")) {\n                                    indexArray[countInvisible] = index;\n                                    countInvisible++\n                                }\n                            });\n\n                            jQuery('.invi-recaptcha').each(function (index, el) {\n                                grecaptcha.render(element[indexArray[index]], {\n                                    'sitekey': jQuery(el).attr('data-sitekey'),\n                                    'callback': sibVerifyCallback,\n                                });\n                            });\n                        };\n\t\t\t\t\t<\/script>\n\t\t\t\t\t                <script src=\"https:\/\/www.google.com\/recaptcha\/api.js?onload=onloadSibCallbackInvisible&render=explicit\" async defer><\/script>\n\t\t\t\t\n\t\t\t<form id=\"sib_signup_form_1\" method=\"post\" class=\"sib_signup_form\">\n\t\t\t\t<div class=\"sib_loader\" style=\"display:none;\"><img\n\t\t\t\t\t\t\tsrc=\"https:\/\/bokoto.es\/wp-includes\/images\/spinner.gif\" alt=\"loader\"><\/div>\n\t\t\t\t<input type=\"hidden\" name=\"sib_form_action\" value=\"subscribe_form_submit\">\n\t\t\t\t<input type=\"hidden\" name=\"sib_form_id\" value=\"1\">\n                <input type=\"hidden\" name=\"sib_form_alert_notice\" value=\"Por favor, completa este campo\">\n                <input type=\"hidden\" name=\"sib_form_invalid_email_notice\" value=\"Tu direcci\u00f3n de correo electr\u00f3nico no es v\u00e1lida\">\n                <input type=\"hidden\" name=\"sib_security\" value=\"bcdb030250\">\n\t\t\t\t<div class=\"sib_signup_box_inside_1\">\n\t\t\t\t\t<div style=\"\/*display:none*\/\" class=\"sib_msg_disp\">\n\t\t\t\t\t<\/div>\n                                            <div id=\"sib_captcha_invisible\" class=\"invi-recaptcha\" data-sitekey=\"6LftloQqAAAAAHVvNvhJGtH0VA8GVZYS-KjadHR6\"><\/div>\n                    \t\t\t\t\t<p class=\"sib-multi-lists-area\">\r\n<label>\u00bfQu\u00e9 restaurante te queda m\u00e1s cerca?*<\/label>\r\n<div class=\"sib-multi-lists\" data-require=\"required\">\r\n<div style=\"block\"><input type=\"checkbox\" class=\"sib-interesting-lists\" value=\"9\" name=\"listIDs[]\">Zaragoza<\/div>\r\n<div style=\"block\"><input type=\"checkbox\" class=\"sib-interesting-lists\" value=\"8\" name=\"listIDs[]\">Tarragona<\/div>\r\n<div style=\"block\"><input type=\"checkbox\" class=\"sib-interesting-lists\" value=\"7\" name=\"listIDs[]\">Logro\u00f1o<\/div>\r\n<div style=\"block\"><input type=\"checkbox\" class=\"sib-interesting-lists\" value=\"6\" name=\"listIDs[]\">Lleida<\/div>\r\n<div style=\"block\"><input type=\"checkbox\" class=\"sib-interesting-lists\" value=\"3\" name=\"listIDs[]\">Sabadell<\/div>\r\n<\/div><\/p>\r\n<p class=\"sib-email-area\">\r\n    Correo electr\u00f3nico*\r\n    <input type=\"email\" class=\"sib-email-area\" name=\"email\" required=\"required\">\r\n<\/p>\r\n<p class=\"sib-NAME-area\">\r\n    Nombre\r\n    <input type=\"text\" class=\"sib-NAME-area\" name=\"NAME\">\r\n<\/p>\r\n<input type=\"checkbox\" name=\"terms\" required=\"required\">He le\u00eddo y acepto la <a href=\"https:\/\/bokoto.es\/politica-de-privacidad\/\">pol\u00edtica de privacidad<\/a> \r\n<p>\r\n    <input type=\"submit\" id=\"invisible\" class=\"sib-default-btn\" value=\"SUSCRIBIRME\">\r\n<\/p>\r\n\t\t\t\t<\/div>\n\t\t\t<\/form>\n\t\t\t<style>\n\t\t\t\tform#sib_signup_form_1 p.sib-alert-message {\n    padding: 6px 12px;\n    margin-bottom: 20px;\n    border: 1px solid transparent;\n    border-radius: 4px;\n    -webkit-box-sizing: border-box;\n    -moz-box-sizing: border-box;\n    box-sizing: border-box;\n}\nform#sib_signup_form_1 p.sib-alert-message-error {\n    background-color: #f2dede;\n    border-color: #ebccd1;\n    color: #a94442;\n}\nform#sib_signup_form_1 p.sib-alert-message-success {\n    background-color: #dff0d8;\n    border-color: #d6e9c6;\n    color: #3c763d;\n}\nform#sib_signup_form_1 p.sib-alert-message-warning {\n    background-color: #fcf8e3;\n    border-color: #faebcc;\n    color: #8a6d3b;\n}\n\t\t\t<\/style>\n\t\t\t\n\t\t\t\t<\/div>\n\t\t\t\t<\/div>\n\t\t\t\t<div class=\"elementor-element elementor-element-013a75a elementor-widget elementor-widget-text-editor\" data-id=\"013a75a\" data-element_type=\"widget\" data-widget_type=\"text-editor.default\">\n\t\t\t\t<div class=\"elementor-widget-container\">\n\t\t\t\t\t\t\t\t\t<p><strong>INFORMACI\u00d3 B\u00c0SICA DE PROTECCI\u00d3 DE DADES:<\/strong><\/p>\n<p><strong>Responsable del tractament<\/strong>: GRUP BOKOTO<\/p>\n<p><strong>Finalitat del tractament:<\/strong> Trametre el butllet\u00ed de not\u00edcies.<\/p>\n<p><strong>Legitimaci\u00f3 del tractament:<\/strong> Consentiment de l&#8217;interessat\/ada.<\/p>\n<p><strong>Conservaci\u00f3 de les dades: <\/strong>Es conservaran mentre existeixi un inter\u00e8s mutu o durant el temps necessari per al compliment de les obligacions legals.<\/p>\n<p><strong>Destinataris: <\/strong>Prestadors de servei o col\u00b7laboradors, quan escaigui.<\/p>\n<p><strong>Drets:<\/strong> Dret a retirar el consentiment en qualsevol moment. Dret d&#8217; acc\u00e9s, rectificaci\u00f3, portabilitat i supressi\u00f3 de les seves dades i a la limitaci\u00f3 o oposici\u00f3 al seu tractament. Dades de contacte per exercir els seus drets: clientes@bokoto.es  <\/p>\n<p><strong>Informaci\u00f3 addicional:<\/strong> Pot consultar la informaci\u00f3 addicional en la nostra <a href=\"https:\/\/bokoto.es\/politica-de-cookies\/\" target=\"_blank\" rel=\"noopener\"><em><u>Pol\u00edtica de Privacidad<\/u><\/em>.<\/a><\/p>\n\t\t\t\t\t\t\t\t<\/div>\n\t\t\t\t<\/div>\n\t\t\t\t\t<\/div>\n\t\t<\/div>\n\t\t\t\t\t<\/div>\n\t\t<\/section>\n\t\t\t\t<\/div>\n\t\t","protected":false},"excerpt":{"rendered":"<p>Club bokoto gaudeix d&#8217;all\u00f2 m\u00e9s exclusiu A Bokoto cada plat \u00e9s una expressi\u00f3 de l&#8217;aut\u00e8ntica cuina japonesa. Un viatge sensorial on la simplicitat i l&#8217;harmonia es troben en cada creaci\u00f3, elevant l&#8217;art de la gastronomia nipona. INFORMACI\u00d3 B\u00c0SICA DE PROTECCI\u00d3 DE DADES: Responsable del tractament: GRUP BOKOTO Finalitat del tractament: Trametre el butllet\u00ed de not\u00edcies. [&hellip;]<\/p>\n","protected":false},"author":1,"featured_media":0,"parent":0,"menu_order":0,"comment_status":"closed","ping_status":"closed","template":"","meta":{"footnotes":""},"class_list":["post-8157","page","type-page","status-publish","hentry"],"yoast_head":"<!-- This site is optimized with the Yoast SEO plugin v26.6 - https:\/\/yoast.com\/wordpress\/plugins\/seo\/ -->\n<title>Club Bokoto<\/title>\n<meta name=\"description\" content=\"A Bokoto cada plat \u00e9s una expressi\u00f3 de l&#039;aut\u00e8ntica cuina japonesa. Un viatge sensorial on la simplicitat i l&#039;harmonia es troben en cada creaci\u00f3, elevant l&#039;art de la gastronomia nipona.\" \/>\n<meta name=\"robots\" content=\"index, follow, max-snippet:-1, max-image-preview:large, max-video-preview:-1\" \/>\n<link rel=\"canonical\" href=\"https:\/\/bokoto.es\/ca\/club-bokoto\/\" \/>\n<meta property=\"og:locale\" content=\"ca_ES\" \/>\n<meta property=\"og:type\" content=\"article\" \/>\n<meta property=\"og:title\" content=\"Club Bokoto\" \/>\n<meta property=\"og:description\" content=\"A Bokoto cada plat \u00e9s una expressi\u00f3 de l&#039;aut\u00e8ntica cuina japonesa. Un viatge sensorial on la simplicitat i l&#039;harmonia es troben en cada creaci\u00f3, elevant l&#039;art de la gastronomia nipona.\" \/>\n<meta property=\"og:url\" content=\"https:\/\/bokoto.es\/ca\/club-bokoto\/\" \/>\n<meta property=\"og:site_name\" content=\"Bokoto\" \/>\n<meta property=\"article:modified_time\" content=\"2025-04-17T07:25:55+00:00\" \/>\n<meta name=\"twitter:card\" content=\"summary_large_image\" \/>\n<meta name=\"twitter:label1\" content=\"Temps estimat de lectura\" \/>\n\t<meta name=\"twitter:data1\" content=\"1 minut\" \/>\n<script type=\"application\/ld+json\" class=\"yoast-schema-graph\">{\"@context\":\"https:\/\/schema.org\",\"@graph\":[{\"@type\":\"WebPage\",\"@id\":\"https:\/\/bokoto.es\/ca\/club-bokoto\/\",\"url\":\"https:\/\/bokoto.es\/ca\/club-bokoto\/\",\"name\":\"Club Bokoto\",\"isPartOf\":{\"@id\":\"https:\/\/bokoto.es\/ca\/#website\"},\"datePublished\":\"2024-11-20T08:13:20+00:00\",\"dateModified\":\"2025-04-17T07:25:55+00:00\",\"description\":\"A Bokoto cada plat \u00e9s una expressi\u00f3 de l'aut\u00e8ntica cuina japonesa. Un viatge sensorial on la simplicitat i l'harmonia es troben en cada creaci\u00f3, elevant l'art de la gastronomia nipona.\",\"breadcrumb\":{\"@id\":\"https:\/\/bokoto.es\/ca\/club-bokoto\/#breadcrumb\"},\"inLanguage\":\"ca\",\"potentialAction\":[{\"@type\":\"ReadAction\",\"target\":[\"https:\/\/bokoto.es\/ca\/club-bokoto\/\"]}]},{\"@type\":\"BreadcrumbList\",\"@id\":\"https:\/\/bokoto.es\/ca\/club-bokoto\/#breadcrumb\",\"itemListElement\":[{\"@type\":\"ListItem\",\"position\":1,\"name\":\"Portada\",\"item\":\"https:\/\/bokoto.es\/ca\/inici\/\"},{\"@type\":\"ListItem\",\"position\":2,\"name\":\"Club Bokoto\"}]},{\"@type\":\"WebSite\",\"@id\":\"https:\/\/bokoto.es\/ca\/#website\",\"url\":\"https:\/\/bokoto.es\/ca\/\",\"name\":\"Bokoto\",\"description\":\"Japanese Sushi Club\",\"publisher\":{\"@id\":\"https:\/\/bokoto.es\/ca\/#organization\"},\"potentialAction\":[{\"@type\":\"SearchAction\",\"target\":{\"@type\":\"EntryPoint\",\"urlTemplate\":\"https:\/\/bokoto.es\/ca\/?s={search_term_string}\"},\"query-input\":{\"@type\":\"PropertyValueSpecification\",\"valueRequired\":true,\"valueName\":\"search_term_string\"}}],\"inLanguage\":\"ca\"},{\"@type\":\"Organization\",\"@id\":\"https:\/\/bokoto.es\/ca\/#organization\",\"name\":\"Bokoto\",\"url\":\"https:\/\/bokoto.es\/ca\/\",\"logo\":{\"@type\":\"ImageObject\",\"inLanguage\":\"ca\",\"@id\":\"https:\/\/bokoto.es\/ca\/#\/schema\/logo\/image\/\",\"url\":\"https:\/\/bokoto.es\/wp-content\/uploads\/2023\/08\/LOGO-BOKOTO.jpg\",\"contentUrl\":\"https:\/\/bokoto.es\/wp-content\/uploads\/2023\/08\/LOGO-BOKOTO.jpg\",\"width\":563,\"height\":264,\"caption\":\"Bokoto\"},\"image\":{\"@id\":\"https:\/\/bokoto.es\/ca\/#\/schema\/logo\/image\/\"}}]}<\/script>\n<!-- \/ Yoast SEO plugin. -->","yoast_head_json":{"title":"Club Bokoto","description":"A Bokoto cada plat \u00e9s una expressi\u00f3 de l'aut\u00e8ntica cuina japonesa. Un viatge sensorial on la simplicitat i l'harmonia es troben en cada creaci\u00f3, elevant l'art de la gastronomia nipona.","robots":{"index":"index","follow":"follow","max-snippet":"max-snippet:-1","max-image-preview":"max-image-preview:large","max-video-preview":"max-video-preview:-1"},"canonical":"https:\/\/bokoto.es\/ca\/club-bokoto\/","og_locale":"ca_ES","og_type":"article","og_title":"Club Bokoto","og_description":"A Bokoto cada plat \u00e9s una expressi\u00f3 de l'aut\u00e8ntica cuina japonesa. Un viatge sensorial on la simplicitat i l'harmonia es troben en cada creaci\u00f3, elevant l'art de la gastronomia nipona.","og_url":"https:\/\/bokoto.es\/ca\/club-bokoto\/","og_site_name":"Bokoto","article_modified_time":"2025-04-17T07:25:55+00:00","twitter_card":"summary_large_image","twitter_misc":{"Temps estimat de lectura":"1 minut"},"schema":{"@context":"https:\/\/schema.org","@graph":[{"@type":"WebPage","@id":"https:\/\/bokoto.es\/ca\/club-bokoto\/","url":"https:\/\/bokoto.es\/ca\/club-bokoto\/","name":"Club Bokoto","isPartOf":{"@id":"https:\/\/bokoto.es\/ca\/#website"},"datePublished":"2024-11-20T08:13:20+00:00","dateModified":"2025-04-17T07:25:55+00:00","description":"A Bokoto cada plat \u00e9s una expressi\u00f3 de l'aut\u00e8ntica cuina japonesa. Un viatge sensorial on la simplicitat i l'harmonia es troben en cada creaci\u00f3, elevant l'art de la gastronomia nipona.","breadcrumb":{"@id":"https:\/\/bokoto.es\/ca\/club-bokoto\/#breadcrumb"},"inLanguage":"ca","potentialAction":[{"@type":"ReadAction","target":["https:\/\/bokoto.es\/ca\/club-bokoto\/"]}]},{"@type":"BreadcrumbList","@id":"https:\/\/bokoto.es\/ca\/club-bokoto\/#breadcrumb","itemListElement":[{"@type":"ListItem","position":1,"name":"Portada","item":"https:\/\/bokoto.es\/ca\/inici\/"},{"@type":"ListItem","position":2,"name":"Club Bokoto"}]},{"@type":"WebSite","@id":"https:\/\/bokoto.es\/ca\/#website","url":"https:\/\/bokoto.es\/ca\/","name":"Bokoto","description":"Japanese Sushi Club","publisher":{"@id":"https:\/\/bokoto.es\/ca\/#organization"},"potentialAction":[{"@type":"SearchAction","target":{"@type":"EntryPoint","urlTemplate":"https:\/\/bokoto.es\/ca\/?s={search_term_string}"},"query-input":{"@type":"PropertyValueSpecification","valueRequired":true,"valueName":"search_term_string"}}],"inLanguage":"ca"},{"@type":"Organization","@id":"https:\/\/bokoto.es\/ca\/#organization","name":"Bokoto","url":"https:\/\/bokoto.es\/ca\/","logo":{"@type":"ImageObject","inLanguage":"ca","@id":"https:\/\/bokoto.es\/ca\/#\/schema\/logo\/image\/","url":"https:\/\/bokoto.es\/wp-content\/uploads\/2023\/08\/LOGO-BOKOTO.jpg","contentUrl":"https:\/\/bokoto.es\/wp-content\/uploads\/2023\/08\/LOGO-BOKOTO.jpg","width":563,"height":264,"caption":"Bokoto"},"image":{"@id":"https:\/\/bokoto.es\/ca\/#\/schema\/logo\/image\/"}}]}},"_links":{"self":[{"href":"https:\/\/bokoto.es\/ca\/wp-json\/wp\/v2\/pages\/8157","targetHints":{"allow":["GET"]}}],"collection":[{"href":"https:\/\/bokoto.es\/ca\/wp-json\/wp\/v2\/pages"}],"about":[{"href":"https:\/\/bokoto.es\/ca\/wp-json\/wp\/v2\/types\/page"}],"author":[{"embeddable":true,"href":"https:\/\/bokoto.es\/ca\/wp-json\/wp\/v2\/users\/1"}],"replies":[{"embeddable":true,"href":"https:\/\/bokoto.es\/ca\/wp-json\/wp\/v2\/comments?post=8157"}],"version-history":[{"count":5,"href":"https:\/\/bokoto.es\/ca\/wp-json\/wp\/v2\/pages\/8157\/revisions"}],"predecessor-version":[{"id":8577,"href":"https:\/\/bokoto.es\/ca\/wp-json\/wp\/v2\/pages\/8157\/revisions\/8577"}],"wp:attachment":[{"href":"https:\/\/bokoto.es\/ca\/wp-json\/wp\/v2\/media?parent=8157"}],"curies":[{"name":"wp","href":"https:\/\/api.w.org\/{rel}","templated":true}]}}