{"id":8163,"date":"2024-11-04T16:05:00","date_gmt":"2024-11-04T15:05:00","guid":{"rendered":"https:\/\/bokoto.es\/esdeveniments\/"},"modified":"2025-02-26T11:33:13","modified_gmt":"2025-02-26T10:33:13","slug":"esdeveniments","status":"publish","type":"page","link":"https:\/\/bokoto.es\/ca\/esdeveniments\/","title":{"rendered":"Esdeveniments i grups"},"content":{"rendered":"\t\t<div data-elementor-type=\"wp-page\" data-elementor-id=\"8163\" class=\"elementor elementor-8163 elementor-5923\" data-elementor-post-type=\"page\">\n\t\t\t\t\t\t<section class=\"elementor-section elementor-top-section elementor-element elementor-element-72ba787 elementor-section-boxed elementor-section-height-default elementor-section-height-default elementor-invisible\" data-id=\"72ba787\" data-element_type=\"section\" data-settings=\"{&quot;animation&quot;:&quot;fadeIn&quot;}\">\n\t\t\t\t\t\t\t<div class=\"elementor-background-overlay\"><\/div>\n\t\t\t\t\t\t\t<div class=\"elementor-container elementor-column-gap-default\">\n\t\t\t\t\t<div class=\"elementor-column elementor-col-100 elementor-top-column elementor-element elementor-element-492eecd\" data-id=\"492eecd\" data-element_type=\"column\" data-settings=\"{&quot;background_background&quot;:&quot;classic&quot;}\">\n\t\t\t<div class=\"elementor-widget-wrap elementor-element-populated\">\n\t\t\t\t\t\t<div class=\"elementor-element elementor-element-ac65fd2 animated-slow subtitle-comida elementor-invisible elementor-widget elementor-widget-icon-box\" data-id=\"ac65fd2\" data-element_type=\"widget\" data-settings=\"{&quot;_animation&quot;:&quot;fadeInDown&quot;,&quot;motion_fx_motion_fx_scrolling&quot;:&quot;yes&quot;,&quot;motion_fx_devices&quot;:[&quot;desktop&quot;,&quot;tablet&quot;,&quot;mobile&quot;]}\" data-widget_type=\"icon-box.default\">\n\t\t\t\t<div class=\"elementor-widget-container\">\n\t\t\t\t\t\t\t<div class=\"elementor-icon-box-wrapper\">\n\n\t\t\t\n\t\t\t\t\t\t<div class=\"elementor-icon-box-content\">\n\n\t\t\t\t\t\t\t\t\t<h1 class=\"elementor-icon-box-title\">\n\t\t\t\t\t\t<span  >\n\t\t\t\t\t\t\tESDEVENIMENTS I GRUPS\t\t\t\t\t\t<\/span>\n\t\t\t\t\t<\/h1>\n\t\t\t\t\n\t\t\t\t\t\t\t\t\t<p class=\"elementor-icon-box-description\">\n\t\t\t\t\t\tl'art de la gastronomia japonesa per al teu esdeveniment\t\t\t\t\t<\/p>\n\t\t\t\t\n\t\t\t<\/div>\n\t\t\t\n\t\t<\/div>\n\t\t\t\t\t\t<\/div>\n\t\t\t\t<\/div>\n\t\t\t\t<div class=\"elementor-element elementor-element-9c9170f elementor-invisible elementor-widget elementor-widget-text-editor\" data-id=\"9c9170f\" data-element_type=\"widget\" data-settings=\"{&quot;_animation&quot;:&quot;fadeIn&quot;}\" data-widget_type=\"text-editor.default\">\n\t\t\t\t<div class=\"elementor-widget-container\">\n\t\t\t\t\t\t\t\t\t<p class=\"p1\">A Bokoto, oferim un servei de c\u00e0tering personalitzat perqu\u00e8 el teu esdeveniment sigui una celebraci\u00f3 \u00fanica. El nostre sushi preparat en directe i la presentaci\u00f3 exquisida de cada plat elevaran la teva ocasi\u00f3 a una experi\u00e8ncia sensorial inoblidable. Sigui una boda, un esdeveniment corporatiu o un reuni\u00f3 privada, el nostre equip s&#8217;encarregar\u00e0 de cada detall per garantir que tot sigui perfecte.<\/p>\n\t\t\t\t\t\t\t\t<\/div>\n\t\t\t\t<\/div>\n\t\t\t\t<div class=\"elementor-element elementor-element-1f77656 elementor-align-right elementor-widget__width-auto elementor-widget elementor-widget-button\" data-id=\"1f77656\" data-element_type=\"widget\" data-widget_type=\"button.default\">\n\t\t\t\t<div class=\"elementor-widget-container\">\n\t\t\t\t\t\t\t\t\t<div class=\"elementor-button-wrapper\">\n\t\t\t\t\t<a class=\"elementor-button elementor-button-link elementor-size-sm\" href=\"https:\/\/bokoto.es\/ca\/contacte\/\">\n\t\t\t\t\t\t<span class=\"elementor-button-content-wrapper\">\n\t\t\t\t\t\t\t\t\t<span class=\"elementor-button-text\">INFORMA'T<\/span>\n\t\t\t\t\t<\/span>\n\t\t\t\t\t<\/a>\n\t\t\t\t<\/div>\n\t\t\t\t\t\t\t\t<\/div>\n\t\t\t\t<\/div>\n\t\t\t\t\t<\/div>\n\t\t<\/div>\n\t\t\t\t\t<\/div>\n\t\t<\/section>\n\t\t\t\t<section class=\"elementor-section elementor-top-section elementor-element elementor-element-12d6d2a elementor-section-full_width elementor-section-height-default elementor-section-height-default elementor-invisible\" data-id=\"12d6d2a\" data-element_type=\"section\" data-settings=\"{&quot;animation&quot;:&quot;fadeIn&quot;}\">\n\t\t\t\t\t\t<div class=\"elementor-container elementor-column-gap-default\">\n\t\t\t\t\t<div class=\"elementor-column elementor-col-25 elementor-top-column elementor-element elementor-element-d470e58\" data-id=\"d470e58\" data-element_type=\"column\">\n\t\t\t<div class=\"elementor-widget-wrap elementor-element-populated\">\n\t\t\t\t\t\t<div class=\"elementor-element elementor-element-5011712 elementor-widget elementor-widget-image\" data-id=\"5011712\" data-element_type=\"widget\" data-widget_type=\"image.default\">\n\t\t\t\t<div class=\"elementor-widget-container\">\n\t\t\t\t\t\t\t\t\t\t\t\t\t\t\t<img fetchpriority=\"high\" decoding=\"async\" width=\"800\" height=\"800\" src=\"https:\/\/bokoto.es\/wp-content\/uploads\/2023\/11\/Bokoto-actos-eventos-catering_01-1024x1024.jpg\" class=\"attachment-large size-large wp-image-7616\" alt=\"\" srcset=\"https:\/\/bokoto.es\/wp-content\/uploads\/2023\/11\/Bokoto-actos-eventos-catering_01-1024x1024.jpg 1024w, https:\/\/bokoto.es\/wp-content\/uploads\/2023\/11\/Bokoto-actos-eventos-catering_01-300x300.jpg 300w, https:\/\/bokoto.es\/wp-content\/uploads\/2023\/11\/Bokoto-actos-eventos-catering_01-150x150.jpg 150w, https:\/\/bokoto.es\/wp-content\/uploads\/2023\/11\/Bokoto-actos-eventos-catering_01-768x768.jpg 768w, https:\/\/bokoto.es\/wp-content\/uploads\/2023\/11\/Bokoto-actos-eventos-catering_01.jpg 1080w\" sizes=\"(max-width: 800px) 100vw, 800px\" \/>\t\t\t\t\t\t\t\t\t\t\t\t\t\t\t<\/div>\n\t\t\t\t<\/div>\n\t\t\t\t\t<\/div>\n\t\t<\/div>\n\t\t\t\t<div class=\"elementor-column elementor-col-25 elementor-top-column elementor-element elementor-element-636bd5c\" data-id=\"636bd5c\" data-element_type=\"column\">\n\t\t\t<div class=\"elementor-widget-wrap elementor-element-populated\">\n\t\t\t\t\t\t<div class=\"elementor-element elementor-element-0715b06 elementor-widget elementor-widget-image\" data-id=\"0715b06\" data-element_type=\"widget\" data-widget_type=\"image.default\">\n\t\t\t\t<div class=\"elementor-widget-container\">\n\t\t\t\t\t\t\t\t\t\t\t\t\t\t\t<img decoding=\"async\" width=\"800\" height=\"800\" src=\"https:\/\/bokoto.es\/wp-content\/uploads\/2023\/11\/Bokoto-actos-eventos-catering_02-1024x1024.jpg\" class=\"attachment-large size-large wp-image-7617\" alt=\"\" srcset=\"https:\/\/bokoto.es\/wp-content\/uploads\/2023\/11\/Bokoto-actos-eventos-catering_02-1024x1024.jpg 1024w, https:\/\/bokoto.es\/wp-content\/uploads\/2023\/11\/Bokoto-actos-eventos-catering_02-300x300.jpg 300w, https:\/\/bokoto.es\/wp-content\/uploads\/2023\/11\/Bokoto-actos-eventos-catering_02-150x150.jpg 150w, https:\/\/bokoto.es\/wp-content\/uploads\/2023\/11\/Bokoto-actos-eventos-catering_02-768x768.jpg 768w, https:\/\/bokoto.es\/wp-content\/uploads\/2023\/11\/Bokoto-actos-eventos-catering_02.jpg 1080w\" sizes=\"(max-width: 800px) 100vw, 800px\" \/>\t\t\t\t\t\t\t\t\t\t\t\t\t\t\t<\/div>\n\t\t\t\t<\/div>\n\t\t\t\t\t<\/div>\n\t\t<\/div>\n\t\t\t\t<div class=\"elementor-column elementor-col-25 elementor-top-column elementor-element elementor-element-993a89f\" data-id=\"993a89f\" data-element_type=\"column\">\n\t\t\t<div class=\"elementor-widget-wrap elementor-element-populated\">\n\t\t\t\t\t\t<div class=\"elementor-element elementor-element-825adc3 elementor-widget elementor-widget-image\" data-id=\"825adc3\" data-element_type=\"widget\" data-widget_type=\"image.default\">\n\t\t\t\t<div class=\"elementor-widget-container\">\n\t\t\t\t\t\t\t\t\t\t\t\t\t\t\t<img decoding=\"async\" width=\"800\" height=\"800\" src=\"https:\/\/bokoto.es\/wp-content\/uploads\/2023\/11\/Bokoto-actos-eventos-catering_03-1024x1024.jpg\" class=\"attachment-large size-large wp-image-7618\" alt=\"\" srcset=\"https:\/\/bokoto.es\/wp-content\/uploads\/2023\/11\/Bokoto-actos-eventos-catering_03-1024x1024.jpg 1024w, https:\/\/bokoto.es\/wp-content\/uploads\/2023\/11\/Bokoto-actos-eventos-catering_03-300x300.jpg 300w, https:\/\/bokoto.es\/wp-content\/uploads\/2023\/11\/Bokoto-actos-eventos-catering_03-150x150.jpg 150w, https:\/\/bokoto.es\/wp-content\/uploads\/2023\/11\/Bokoto-actos-eventos-catering_03-768x768.jpg 768w, https:\/\/bokoto.es\/wp-content\/uploads\/2023\/11\/Bokoto-actos-eventos-catering_03.jpg 1080w\" sizes=\"(max-width: 800px) 100vw, 800px\" \/>\t\t\t\t\t\t\t\t\t\t\t\t\t\t\t<\/div>\n\t\t\t\t<\/div>\n\t\t\t\t\t<\/div>\n\t\t<\/div>\n\t\t\t\t<div class=\"elementor-column elementor-col-25 elementor-top-column elementor-element elementor-element-d67e239\" data-id=\"d67e239\" data-element_type=\"column\">\n\t\t\t<div class=\"elementor-widget-wrap elementor-element-populated\">\n\t\t\t\t\t\t<div class=\"elementor-element elementor-element-a29da1e elementor-widget elementor-widget-image\" data-id=\"a29da1e\" data-element_type=\"widget\" data-widget_type=\"image.default\">\n\t\t\t\t<div class=\"elementor-widget-container\">\n\t\t\t\t\t\t\t\t\t\t\t\t\t\t\t<img loading=\"lazy\" decoding=\"async\" width=\"800\" height=\"800\" src=\"https:\/\/bokoto.es\/wp-content\/uploads\/2023\/11\/Bokoto-actos-eventos-catering_04-1024x1024.jpg\" class=\"attachment-large size-large wp-image-7619\" alt=\"\" srcset=\"https:\/\/bokoto.es\/wp-content\/uploads\/2023\/11\/Bokoto-actos-eventos-catering_04-1024x1024.jpg 1024w, https:\/\/bokoto.es\/wp-content\/uploads\/2023\/11\/Bokoto-actos-eventos-catering_04-300x300.jpg 300w, https:\/\/bokoto.es\/wp-content\/uploads\/2023\/11\/Bokoto-actos-eventos-catering_04-150x150.jpg 150w, https:\/\/bokoto.es\/wp-content\/uploads\/2023\/11\/Bokoto-actos-eventos-catering_04-768x768.jpg 768w, https:\/\/bokoto.es\/wp-content\/uploads\/2023\/11\/Bokoto-actos-eventos-catering_04.jpg 1080w\" sizes=\"(max-width: 800px) 100vw, 800px\" \/>\t\t\t\t\t\t\t\t\t\t\t\t\t\t\t<\/div>\n\t\t\t\t<\/div>\n\t\t\t\t\t<\/div>\n\t\t<\/div>\n\t\t\t\t\t<\/div>\n\t\t<\/section>\n\t\t\t\t<section class=\"elementor-section elementor-top-section elementor-element elementor-element-239930e elementor-section-content-middle elementor-section-boxed elementor-section-height-default elementor-section-height-default elementor-invisible\" data-id=\"239930e\" data-element_type=\"section\" data-settings=\"{&quot;animation&quot;:&quot;fadeIn&quot;}\">\n\t\t\t\t\t\t<div class=\"elementor-container elementor-column-gap-default\">\n\t\t\t\t\t<div class=\"elementor-column elementor-col-50 elementor-top-column elementor-element elementor-element-206d650\" data-id=\"206d650\" data-element_type=\"column\" data-settings=\"{&quot;background_background&quot;:&quot;classic&quot;}\">\n\t\t\t<div class=\"elementor-widget-wrap elementor-element-populated\">\n\t\t\t\t\t\t<div class=\"elementor-element elementor-element-8acf7b1 animated-slow subtitle-comida elementor-invisible elementor-widget elementor-widget-icon-box\" data-id=\"8acf7b1\" data-element_type=\"widget\" data-settings=\"{&quot;_animation&quot;:&quot;fadeInDown&quot;,&quot;motion_fx_motion_fx_scrolling&quot;:&quot;yes&quot;,&quot;motion_fx_devices&quot;:[&quot;desktop&quot;,&quot;tablet&quot;,&quot;mobile&quot;]}\" data-widget_type=\"icon-box.default\">\n\t\t\t\t<div class=\"elementor-widget-container\">\n\t\t\t\t\t\t\t<div class=\"elementor-icon-box-wrapper\">\n\n\t\t\t\n\t\t\t\t\t\t<div class=\"elementor-icon-box-content\">\n\n\t\t\t\t\t\t\t\t\t<h1 class=\"elementor-icon-box-title\">\n\t\t\t\t\t\t<span  >\n\t\t\t\t\t\t\tC\u00c0TERING\t\t\t\t\t\t<\/span>\n\t\t\t\t\t<\/h1>\n\t\t\t\t\n\t\t\t\t\t\t\t\t\t<p class=\"elementor-icon-box-description\">\n\t\t\t\t\t\tL'ess\u00e8ncia de la perfecci\u00f3\t\t\t\t\t<\/p>\n\t\t\t\t\n\t\t\t<\/div>\n\t\t\t\n\t\t<\/div>\n\t\t\t\t\t\t<\/div>\n\t\t\t\t<\/div>\n\t\t\t\t\t<\/div>\n\t\t<\/div>\n\t\t\t\t<div class=\"elementor-column elementor-col-50 elementor-top-column elementor-element elementor-element-8eccb04\" data-id=\"8eccb04\" data-element_type=\"column\" data-settings=\"{&quot;background_background&quot;:&quot;classic&quot;}\">\n\t\t\t<div class=\"elementor-widget-wrap elementor-element-populated\">\n\t\t\t\t\t\t<div class=\"elementor-element elementor-element-b79f956 elementor-widget elementor-widget-text-editor\" data-id=\"b79f956\" data-element_type=\"widget\" data-widget_type=\"text-editor.default\">\n\t\t\t\t<div class=\"elementor-widget-container\">\n\t\t\t\t\t\t\t\t\t<p>L&#8217;any 2013, va n\u00e9ixer Bokoto a Lleida com un somni fet realitat, guiat per la passi\u00f3 per la gastronomia japonesa i el respecte cap a la seva tradici\u00f3. Des de l&#8217;inici, la seva ess\u00e8ncia ha estat capturar la bellesa del que \u00e9s senzill i l&#8217;emoci\u00f3 en cada detall, mantenint sempre una connexi\u00f3 amb els or\u00edgens nipons. <\/p>\n\t\t\t\t\t\t\t\t<\/div>\n\t\t\t\t<\/div>\n\t\t\t\t\t<\/div>\n\t\t<\/div>\n\t\t\t\t\t<\/div>\n\t\t<\/section>\n\t\t\t\t<section class=\"elementor-section elementor-top-section elementor-element elementor-element-8942016 elementor-section-content-middle elementor-section-boxed elementor-section-height-default elementor-section-height-default elementor-invisible\" data-id=\"8942016\" data-element_type=\"section\" data-settings=\"{&quot;animation&quot;:&quot;fadeIn&quot;}\">\n\t\t\t\t\t\t<div class=\"elementor-container elementor-column-gap-default\">\n\t\t\t\t\t<div class=\"elementor-column elementor-col-50 elementor-top-column elementor-element elementor-element-4be70a4\" data-id=\"4be70a4\" data-element_type=\"column\">\n\t\t\t<div class=\"elementor-widget-wrap elementor-element-populated\">\n\t\t\t\t\t\t<div class=\"elementor-element elementor-element-29f25eb elementor-widget elementor-widget-image\" data-id=\"29f25eb\" data-element_type=\"widget\" data-widget_type=\"image.default\">\n\t\t\t\t<div class=\"elementor-widget-container\">\n\t\t\t\t\t\t\t\t\t\t\t\t\t\t\t<img loading=\"lazy\" decoding=\"async\" width=\"763\" height=\"954\" src=\"https:\/\/bokoto.es\/wp-content\/uploads\/2025\/01\/Reserva-una-sala.jpg\" class=\"attachment-large size-large wp-image-7870\" alt=\"\" srcset=\"https:\/\/bokoto.es\/wp-content\/uploads\/2025\/01\/Reserva-una-sala.jpg 763w, https:\/\/bokoto.es\/wp-content\/uploads\/2025\/01\/Reserva-una-sala-240x300.jpg 240w\" sizes=\"(max-width: 763px) 100vw, 763px\" \/>\t\t\t\t\t\t\t\t\t\t\t\t\t\t\t<\/div>\n\t\t\t\t<\/div>\n\t\t\t\t\t<\/div>\n\t\t<\/div>\n\t\t\t\t<div class=\"elementor-column elementor-col-50 elementor-top-column elementor-element elementor-element-0a06a63\" data-id=\"0a06a63\" data-element_type=\"column\">\n\t\t\t<div class=\"elementor-widget-wrap elementor-element-populated\">\n\t\t\t\t\t\t<div class=\"elementor-element elementor-element-21d9be0 animated-slow subtitle-comida elementor-invisible elementor-widget elementor-widget-icon-box\" data-id=\"21d9be0\" data-element_type=\"widget\" data-settings=\"{&quot;_animation&quot;:&quot;fadeInDown&quot;,&quot;motion_fx_motion_fx_scrolling&quot;:&quot;yes&quot;,&quot;motion_fx_devices&quot;:[&quot;desktop&quot;,&quot;tablet&quot;,&quot;mobile&quot;]}\" data-widget_type=\"icon-box.default\">\n\t\t\t\t<div class=\"elementor-widget-container\">\n\t\t\t\t\t\t\t<div class=\"elementor-icon-box-wrapper\">\n\n\t\t\t\n\t\t\t\t\t\t<div class=\"elementor-icon-box-content\">\n\n\t\t\t\t\t\t\t\t\t<h2 class=\"elementor-icon-box-title\">\n\t\t\t\t\t\t<span  >\n\t\t\t\t\t\t\tRESERVA UNA SALA\t\t\t\t\t\t<\/span>\n\t\t\t\t\t<\/h2>\n\t\t\t\t\n\t\t\t\t\t\t\t\t\t<p class=\"elementor-icon-box-description\">\n\t\t\t\t\t\tespais exclusius per a moments memorables\t\t\t\t\t<\/p>\n\t\t\t\t\n\t\t\t<\/div>\n\t\t\t\n\t\t<\/div>\n\t\t\t\t\t\t<\/div>\n\t\t\t\t<\/div>\n\t\t\t\t<div class=\"elementor-element elementor-element-d49b1bf elementor-widget elementor-widget-text-editor\" data-id=\"d49b1bf\" data-element_type=\"widget\" data-widget_type=\"text-editor.default\">\n\t\t\t\t<div class=\"elementor-widget-container\">\n\t\t\t\t\t\t\t\t\t<p>Reserva una de les nostres elegants sales privades i gaudeix d&#8217;un ambient \u00fanic i sofisticat per al teu esdeveniment. A Bokoto, cada detall est\u00e0 pensat per crear una experi\u00e8ncia excepcional. Sigui per a una celebraci\u00f3 \u00edntima o una reuni\u00f3 de grup, les nostres sales ofereixen l&#8217;ambient perfecte perqu\u00e8 cada ocasi\u00f3 es converteixi en quelcom realment especial.<\/p>\n\t\t\t\t\t\t\t\t<\/div>\n\t\t\t\t<\/div>\n\t\t\t\t\t<\/div>\n\t\t<\/div>\n\t\t\t\t\t<\/div>\n\t\t<\/section>\n\t\t\t\t<\/div>\n\t\t","protected":false},"excerpt":{"rendered":"<p>ESDEVENIMENTS I GRUPS l&#8217;art de la gastronomia japonesa per al teu esdeveniment A Bokoto, oferim un servei de c\u00e0tering personalitzat perqu\u00e8 el teu esdeveniment sigui una celebraci\u00f3 \u00fanica. El nostre sushi preparat en directe i la presentaci\u00f3 exquisida de cada plat elevaran la teva ocasi\u00f3 a una experi\u00e8ncia sensorial inoblidable. Sigui una boda, un esdeveniment [&hellip;]<\/p>\n","protected":false},"author":1,"featured_media":0,"parent":0,"menu_order":0,"comment_status":"closed","ping_status":"closed","template":"","meta":{"footnotes":""},"class_list":["post-8163","page","type-page","status-publish","hentry"],"yoast_head":"<!-- This site is optimized with the Yoast SEO plugin v26.6 - https:\/\/yoast.com\/wordpress\/plugins\/seo\/ -->\n<title>Esdeveniments i grups - Bokoto<\/title>\n<meta name=\"description\" content=\"A Bokoto portem l&#039;aut\u00e8ntica experi\u00e8ncia japonesa a la teva celebraci\u00f3. Sigui una boda, un esdeveniment corporatiu o una reuni\u00f3 \u00edntima, el nostre equip s&#039;encarregar\u00e0 que cada detall sigui perfecte. Oferim un servei de c\u00e0tering personalitzat, amb sushi preparat en directe i una presentaci\u00f3 exquisida que sorprendr\u00e0 els teus convidats.\" \/>\n<meta name=\"robots\" content=\"index, follow, max-snippet:-1, max-image-preview:large, max-video-preview:-1\" \/>\n<link rel=\"canonical\" href=\"https:\/\/bokoto.es\/ca\/esdeveniments\/\" \/>\n<meta property=\"og:locale\" content=\"ca_ES\" \/>\n<meta property=\"og:type\" content=\"article\" \/>\n<meta property=\"og:title\" content=\"Esdeveniments i grups - Bokoto\" \/>\n<meta property=\"og:description\" content=\"A Bokoto portem l&#039;aut\u00e8ntica experi\u00e8ncia japonesa a la teva celebraci\u00f3. Sigui una boda, un esdeveniment corporatiu o una reuni\u00f3 \u00edntima, el nostre equip s&#039;encarregar\u00e0 que cada detall sigui perfecte. Oferim un servei de c\u00e0tering personalitzat, amb sushi preparat en directe i una presentaci\u00f3 exquisida que sorprendr\u00e0 els teus convidats.\" \/>\n<meta property=\"og:url\" content=\"https:\/\/bokoto.es\/ca\/esdeveniments\/\" \/>\n<meta property=\"og:site_name\" content=\"Bokoto\" \/>\n<meta property=\"article:modified_time\" content=\"2025-02-26T10:33:13+00:00\" \/>\n<meta property=\"og:image\" content=\"https:\/\/bokoto.es\/wp-content\/uploads\/2023\/11\/Bokoto-actos-eventos-catering_01.jpg\" \/>\n\t<meta property=\"og:image:width\" content=\"1080\" \/>\n\t<meta property=\"og:image:height\" content=\"1080\" \/>\n\t<meta property=\"og:image:type\" content=\"image\/jpeg\" \/>\n<meta name=\"twitter:card\" content=\"summary_large_image\" \/>\n<meta name=\"twitter:label1\" content=\"Temps estimat de lectura\" \/>\n\t<meta name=\"twitter:data1\" content=\"1 minut\" \/>\n<script type=\"application\/ld+json\" class=\"yoast-schema-graph\">{\"@context\":\"https:\/\/schema.org\",\"@graph\":[{\"@type\":\"WebPage\",\"@id\":\"https:\/\/bokoto.es\/ca\/esdeveniments\/\",\"url\":\"https:\/\/bokoto.es\/ca\/esdeveniments\/\",\"name\":\"Esdeveniments i grups - Bokoto\",\"isPartOf\":{\"@id\":\"https:\/\/bokoto.es\/ca\/#website\"},\"primaryImageOfPage\":{\"@id\":\"https:\/\/bokoto.es\/ca\/esdeveniments\/#primaryimage\"},\"image\":{\"@id\":\"https:\/\/bokoto.es\/ca\/esdeveniments\/#primaryimage\"},\"thumbnailUrl\":\"https:\/\/bokoto.es\/wp-content\/uploads\/2023\/11\/Bokoto-actos-eventos-catering_01-1024x1024.jpg\",\"datePublished\":\"2024-11-04T15:05:00+00:00\",\"dateModified\":\"2025-02-26T10:33:13+00:00\",\"description\":\"A Bokoto portem l'aut\u00e8ntica experi\u00e8ncia japonesa a la teva celebraci\u00f3. Sigui una boda, un esdeveniment corporatiu o una reuni\u00f3 \u00edntima, el nostre equip s'encarregar\u00e0 que cada detall sigui perfecte. Oferim un servei de c\u00e0tering personalitzat, amb sushi preparat en directe i una presentaci\u00f3 exquisida que sorprendr\u00e0 els teus convidats.\",\"breadcrumb\":{\"@id\":\"https:\/\/bokoto.es\/ca\/esdeveniments\/#breadcrumb\"},\"inLanguage\":\"ca\",\"potentialAction\":[{\"@type\":\"ReadAction\",\"target\":[\"https:\/\/bokoto.es\/ca\/esdeveniments\/\"]}]},{\"@type\":\"ImageObject\",\"inLanguage\":\"ca\",\"@id\":\"https:\/\/bokoto.es\/ca\/esdeveniments\/#primaryimage\",\"url\":\"https:\/\/bokoto.es\/wp-content\/uploads\/2023\/11\/Bokoto-actos-eventos-catering_01-1024x1024.jpg\",\"contentUrl\":\"https:\/\/bokoto.es\/wp-content\/uploads\/2023\/11\/Bokoto-actos-eventos-catering_01-1024x1024.jpg\"},{\"@type\":\"BreadcrumbList\",\"@id\":\"https:\/\/bokoto.es\/ca\/esdeveniments\/#breadcrumb\",\"itemListElement\":[{\"@type\":\"ListItem\",\"position\":1,\"name\":\"Portada\",\"item\":\"https:\/\/bokoto.es\/ca\/inici\/\"},{\"@type\":\"ListItem\",\"position\":2,\"name\":\"Esdeveniments i grups\"}]},{\"@type\":\"WebSite\",\"@id\":\"https:\/\/bokoto.es\/ca\/#website\",\"url\":\"https:\/\/bokoto.es\/ca\/\",\"name\":\"Bokoto\",\"description\":\"Japanese Sushi Club\",\"publisher\":{\"@id\":\"https:\/\/bokoto.es\/ca\/#organization\"},\"potentialAction\":[{\"@type\":\"SearchAction\",\"target\":{\"@type\":\"EntryPoint\",\"urlTemplate\":\"https:\/\/bokoto.es\/ca\/?s={search_term_string}\"},\"query-input\":{\"@type\":\"PropertyValueSpecification\",\"valueRequired\":true,\"valueName\":\"search_term_string\"}}],\"inLanguage\":\"ca\"},{\"@type\":\"Organization\",\"@id\":\"https:\/\/bokoto.es\/ca\/#organization\",\"name\":\"Bokoto\",\"url\":\"https:\/\/bokoto.es\/ca\/\",\"logo\":{\"@type\":\"ImageObject\",\"inLanguage\":\"ca\",\"@id\":\"https:\/\/bokoto.es\/ca\/#\/schema\/logo\/image\/\",\"url\":\"https:\/\/bokoto.es\/wp-content\/uploads\/2023\/08\/LOGO-BOKOTO.jpg\",\"contentUrl\":\"https:\/\/bokoto.es\/wp-content\/uploads\/2023\/08\/LOGO-BOKOTO.jpg\",\"width\":563,\"height\":264,\"caption\":\"Bokoto\"},\"image\":{\"@id\":\"https:\/\/bokoto.es\/ca\/#\/schema\/logo\/image\/\"}}]}<\/script>\n<!-- \/ Yoast SEO plugin. -->","yoast_head_json":{"title":"Esdeveniments i grups - Bokoto","description":"A Bokoto portem l'aut\u00e8ntica experi\u00e8ncia japonesa a la teva celebraci\u00f3. Sigui una boda, un esdeveniment corporatiu o una reuni\u00f3 \u00edntima, el nostre equip s'encarregar\u00e0 que cada detall sigui perfecte. Oferim un servei de c\u00e0tering personalitzat, amb sushi preparat en directe i una presentaci\u00f3 exquisida que sorprendr\u00e0 els teus convidats.","robots":{"index":"index","follow":"follow","max-snippet":"max-snippet:-1","max-image-preview":"max-image-preview:large","max-video-preview":"max-video-preview:-1"},"canonical":"https:\/\/bokoto.es\/ca\/esdeveniments\/","og_locale":"ca_ES","og_type":"article","og_title":"Esdeveniments i grups - Bokoto","og_description":"A Bokoto portem l'aut\u00e8ntica experi\u00e8ncia japonesa a la teva celebraci\u00f3. Sigui una boda, un esdeveniment corporatiu o una reuni\u00f3 \u00edntima, el nostre equip s'encarregar\u00e0 que cada detall sigui perfecte. Oferim un servei de c\u00e0tering personalitzat, amb sushi preparat en directe i una presentaci\u00f3 exquisida que sorprendr\u00e0 els teus convidats.","og_url":"https:\/\/bokoto.es\/ca\/esdeveniments\/","og_site_name":"Bokoto","article_modified_time":"2025-02-26T10:33:13+00:00","og_image":[{"width":1080,"height":1080,"url":"https:\/\/bokoto.es\/wp-content\/uploads\/2023\/11\/Bokoto-actos-eventos-catering_01.jpg","type":"image\/jpeg"}],"twitter_card":"summary_large_image","twitter_misc":{"Temps estimat de lectura":"1 minut"},"schema":{"@context":"https:\/\/schema.org","@graph":[{"@type":"WebPage","@id":"https:\/\/bokoto.es\/ca\/esdeveniments\/","url":"https:\/\/bokoto.es\/ca\/esdeveniments\/","name":"Esdeveniments i grups - Bokoto","isPartOf":{"@id":"https:\/\/bokoto.es\/ca\/#website"},"primaryImageOfPage":{"@id":"https:\/\/bokoto.es\/ca\/esdeveniments\/#primaryimage"},"image":{"@id":"https:\/\/bokoto.es\/ca\/esdeveniments\/#primaryimage"},"thumbnailUrl":"https:\/\/bokoto.es\/wp-content\/uploads\/2023\/11\/Bokoto-actos-eventos-catering_01-1024x1024.jpg","datePublished":"2024-11-04T15:05:00+00:00","dateModified":"2025-02-26T10:33:13+00:00","description":"A Bokoto portem l'aut\u00e8ntica experi\u00e8ncia japonesa a la teva celebraci\u00f3. Sigui una boda, un esdeveniment corporatiu o una reuni\u00f3 \u00edntima, el nostre equip s'encarregar\u00e0 que cada detall sigui perfecte. Oferim un servei de c\u00e0tering personalitzat, amb sushi preparat en directe i una presentaci\u00f3 exquisida que sorprendr\u00e0 els teus convidats.","breadcrumb":{"@id":"https:\/\/bokoto.es\/ca\/esdeveniments\/#breadcrumb"},"inLanguage":"ca","potentialAction":[{"@type":"ReadAction","target":["https:\/\/bokoto.es\/ca\/esdeveniments\/"]}]},{"@type":"ImageObject","inLanguage":"ca","@id":"https:\/\/bokoto.es\/ca\/esdeveniments\/#primaryimage","url":"https:\/\/bokoto.es\/wp-content\/uploads\/2023\/11\/Bokoto-actos-eventos-catering_01-1024x1024.jpg","contentUrl":"https:\/\/bokoto.es\/wp-content\/uploads\/2023\/11\/Bokoto-actos-eventos-catering_01-1024x1024.jpg"},{"@type":"BreadcrumbList","@id":"https:\/\/bokoto.es\/ca\/esdeveniments\/#breadcrumb","itemListElement":[{"@type":"ListItem","position":1,"name":"Portada","item":"https:\/\/bokoto.es\/ca\/inici\/"},{"@type":"ListItem","position":2,"name":"Esdeveniments i grups"}]},{"@type":"WebSite","@id":"https:\/\/bokoto.es\/ca\/#website","url":"https:\/\/bokoto.es\/ca\/","name":"Bokoto","description":"Japanese Sushi Club","publisher":{"@id":"https:\/\/bokoto.es\/ca\/#organization"},"potentialAction":[{"@type":"SearchAction","target":{"@type":"EntryPoint","urlTemplate":"https:\/\/bokoto.es\/ca\/?s={search_term_string}"},"query-input":{"@type":"PropertyValueSpecification","valueRequired":true,"valueName":"search_term_string"}}],"inLanguage":"ca"},{"@type":"Organization","@id":"https:\/\/bokoto.es\/ca\/#organization","name":"Bokoto","url":"https:\/\/bokoto.es\/ca\/","logo":{"@type":"ImageObject","inLanguage":"ca","@id":"https:\/\/bokoto.es\/ca\/#\/schema\/logo\/image\/","url":"https:\/\/bokoto.es\/wp-content\/uploads\/2023\/08\/LOGO-BOKOTO.jpg","contentUrl":"https:\/\/bokoto.es\/wp-content\/uploads\/2023\/08\/LOGO-BOKOTO.jpg","width":563,"height":264,"caption":"Bokoto"},"image":{"@id":"https:\/\/bokoto.es\/ca\/#\/schema\/logo\/image\/"}}]}},"_links":{"self":[{"href":"https:\/\/bokoto.es\/ca\/wp-json\/wp\/v2\/pages\/8163","targetHints":{"allow":["GET"]}}],"collection":[{"href":"https:\/\/bokoto.es\/ca\/wp-json\/wp\/v2\/pages"}],"about":[{"href":"https:\/\/bokoto.es\/ca\/wp-json\/wp\/v2\/types\/page"}],"author":[{"embeddable":true,"href":"https:\/\/bokoto.es\/ca\/wp-json\/wp\/v2\/users\/1"}],"replies":[{"embeddable":true,"href":"https:\/\/bokoto.es\/ca\/wp-json\/wp\/v2\/comments?post=8163"}],"version-history":[{"count":10,"href":"https:\/\/bokoto.es\/ca\/wp-json\/wp\/v2\/pages\/8163\/revisions"}],"predecessor-version":[{"id":8502,"href":"https:\/\/bokoto.es\/ca\/wp-json\/wp\/v2\/pages\/8163\/revisions\/8502"}],"wp:attachment":[{"href":"https:\/\/bokoto.es\/ca\/wp-json\/wp\/v2\/media?parent=8163"}],"curies":[{"name":"wp","href":"https:\/\/api.w.org\/{rel}","templated":true}]}}