{"id":8269,"date":"2024-12-13T12:35:08","date_gmt":"2024-12-13T11:35:08","guid":{"rendered":"https:\/\/bokoto.es\/?page_id=8269"},"modified":"2025-04-16T16:45:57","modified_gmt":"2025-04-16T14:45:57","slug":"avis-legal","status":"publish","type":"page","link":"https:\/\/bokoto.es\/ca\/avis-legal\/","title":{"rendered":"Av\u00eds legal"},"content":{"rendered":"\n<p><strong>TITULAR DE LA WEB&nbsp;&nbsp;&nbsp;&nbsp;&nbsp;&nbsp;&nbsp;&nbsp;&nbsp;&nbsp;&nbsp;&nbsp;&nbsp;&nbsp;<\/strong><\/p>\n\n\n\n<p>En compliment amb el deure d&#8217;informaci\u00f3 recollit a l&#8217;article 10 de la Llei 34\/2002, d&#8217;11 de juliol, de Serveis de la Societat de la Informaci\u00f3 i del Comer\u00e7 Electr\u00f2nic, a continuaci\u00f3 es reflecteixen les seg\u00fcents dades:<\/p>\n\n\n\n<p>Empreses titulars d&#8217; aquesta web:<\/p>\n\n\n\n<p>GROUP BOKOTO, S.L.<\/p>\n\n\n\n<p>C.I.F.: B67824375<\/p>\n\n\n\n<p>Inscrit en el Registre mercantil: Tom 1640, Llibre 0, Foli 173, Secci\u00f3 8, Full L33911, Inscripci\u00f3 1a, Data 17\/12\/2021<\/p>\n\n\n\n<p>Domicili: CARRER MAGI MORERA, 57 \u2013 25006 Lleida.<\/p>\n\n\n\n<p>Tel\u00e8fon: 973 22 13 97&nbsp;&nbsp;&nbsp;&nbsp;&nbsp;&nbsp;&nbsp;&nbsp;&nbsp;&nbsp;&nbsp;&nbsp;&nbsp;&nbsp;&nbsp;&nbsp;&nbsp;&nbsp;&nbsp;&nbsp;&nbsp;&nbsp;&nbsp;&nbsp;&nbsp;&nbsp;&nbsp;&nbsp;&nbsp;&nbsp;&nbsp;&nbsp;&nbsp;&nbsp;<\/p>\n\n\n\n<p>Correu electr\u00f2nic: clientes@bokoto.es<\/p>\n\n\n\n<p><strong>OBJECTE<\/strong><\/p>\n\n\n\n<p>El Responsable posa a disposici\u00f3 dels usuaris el present document amb el qual pret\u00e9n donar compliment del que disposa la Llei 34\/2002, d&#8217;11 de juliol, de Serveis de la Societat de la Informaci\u00f3 i del Comer\u00e7 Electr\u00f2nic i les normatives vigents en mat\u00e8ria de Protecci\u00f3 de Dades, aix\u00ed com informar a tots els usuaris del lloc web respecte a quines s\u00f3n les condicions d&#8217;\u00fas del mateix.<\/p>\n\n\n\n<p>Tota persona que accedeixi a aquest lloc web assumeix el paper d&#8217;usuari, comprometent-se a l&#8217;observan\u00e7a i compliment rigor\u00f3s de les disposicions aqu\u00ed disposades, aix\u00ed com a qualsevol altra disposici\u00f3 legal que fos d&#8217;aplicaci\u00f3.<\/p>\n\n\n\n<p>El Responsable es reserva el dret a modificar qualsevol tipus d&#8217;informaci\u00f3 que pogu\u00e9s apar\u00e8ixer al lloc web, sense que hi hagi obligaci\u00f3 de preavisar o posar en coneixement dels usuaris aquestes obligacions, entenent-se com a suficient amb la publicaci\u00f3 al lloc web del Responsable.<\/p>\n\n\n\n<p><strong>RESPONSABILITAT<\/strong><\/p>\n\n\n\n<p>El Responsable s&#8217;eximeix de qualsevol tipus de responsabilitat derivada de la informaci\u00f3 publicada al seu lloc web, sempre que aquesta informaci\u00f3 hagi estat manipulada o introdu\u00efda per un tercer ali\u00e8 al mateix.<\/p>\n\n\n\n<p><strong>ADRECES IP<\/strong><\/p>\n\n\n\n<p>Els servidors del lloc web podran detectar de manera autom\u00e0tica l&#8217;adre\u00e7a IP i el nom de domini utilitzats per l&#8217;usuari.<\/p>\n\n\n\n<p>Una adre\u00e7a IP \u00e9s un n\u00famero assignat autom\u00e0ticament a un ordinador quan aquest es connecta a Internet. Tota aquesta informaci\u00f3 \u00e9s registrada en un fitxer d&#8217; activitat del servidor, que permet el posterior processament de les dades per tal d&#8217; obtenir mesuraments \u00fanicament estad\u00edstiques que permetin con\u00e8ixer el nombre d&#8217; impressions de p\u00e0gines, el nombre de visites realitzades als servidors web, l&#8217; ordre de visites, el punt d&#8217; acc\u00e9s, etc.<\/p>\n\n\n\n<p><strong>POLITICA D&#8217; ENLLA\u00c7OS<\/strong><\/p>\n\n\n\n<p>Des del present lloc web \u00e9s possible que es rediriga a continguts de tercers llocs web. At\u00e8s que El Responsable no pot controlar sempre els continguts introdu\u00efts pels tercers en els seus llocs web, aquest no assumeix cap tipus de responsabilitat respecte a aquests continguts. En tot cas, El Responsable manifesta que procedir\u00e0 a la retirada immediata de qualsevol contingut que pogu\u00e9s contravenir la legislaci\u00f3 nacional o internacional, la moral o l&#8217;ordre p\u00fablic, procedint a la retirada immediata de la redirecci\u00f3 a aquest lloc web, posant en coneixement de les autoritats competents el contingut en q\u00fcesti\u00f3.<\/p>\n\n\n\n<p>El Responsable no es fa responsable de la informaci\u00f3 i continguts emmagatzemats, a t\u00edtol enunciatiu per\u00f2 no limitatiu, en f\u00f2rums, xats, generadors de blogs, comentaris, xarxes socials o qualsevol altre mitj\u00e0 que permeti a tercers publicar continguts de forma independent a la p\u00e0gina web del Responsable. No obstant aix\u00f2 i en compliment del que disposa l&#8217;article 11 i 16 de la LSSICE, El Responsable es posa a disposici\u00f3 de tots els usuaris, autoritats i forces de seguretat, col\u00b7laborant de forma activa en la retirada o en el seu cas bloqueig de tots aquells continguts que poguessin afectar o contravenir la legislaci\u00f3 nacional,&nbsp; o internacional, drets de tercers o la moral i l&#8217;ordre p\u00fablic. En cas que l&#8217;usuari consideri que existeix al lloc web algun contingut que pogu\u00e9s ser susceptible d&#8217;aquesta classificaci\u00f3, es prega ho notifiqui de forma immediata a l&#8217;administrador del lloc web.<\/p>\n\n\n\n<p>Aquest lloc web ha estat revisat i provat perqu\u00e8 funcioni correctament. En principi, es pot garantir el correcte funcionament els 365 dies de l&#8217; any, 24 hores al dia. No obstant aix\u00f2, El Responsable no descarta la possibilitat que hi hagi certs errors de programaci\u00f3, o que s&#8217;esdevinguin causes de for\u00e7a major, cat\u00e0strofes naturals, vagues, o circumst\u00e0ncies semblants que facin impossible l&#8217;acc\u00e9s a la p\u00e0gina web.<\/p>\n\n\n\n<p><strong>PROTECCI\u00d3 DE DADES<\/strong><\/p>\n\n\n\n<p>El Responsable es troba profundament comprom\u00e8s en el compliment del que disposa la normativa vigent en mat\u00e8ria de protecci\u00f3 de dades, i en el context del nou marc normatiu establert en virtut del que disposa el Reglament (UE) 2016\/679 del Parlament Europeu i del Consell, de 27 d&#8217;abril de 2016, relatiu a la protecci\u00f3 de les persones f\u00edsiques pel que fa al tractament de dades personals i a la lliure circulaci\u00f3 d&#8217;aquestes dades (en endavant, el &#8220;RGPD&#8221;), i la normativa Llei Org\u00e0nica 3\/2018, de 5 de desembre, de Protecci\u00f3 de Dades Personals i garantia dels drets digitals (en endavant, el &#8220;LOPDGDD&#8221;).<\/p>\n\n\n\n<p>Aix\u00ed mateix, El Responsable informa que d\u00f3na compliment a la Llei 34\/2002 d&#8217;11 de juliol, de Serveis de la Societat de la Informaci\u00f3 i el Comer\u00e7 Electr\u00f2nic i li sol\u00b7licitar\u00e0 el seu consentiment al tractament de les seves dades amb finalitats comercials en cada moment.<\/p>\n\n\n\n<p><strong>PROPIETAT INTEL\u00b7LECTUAL I INDUSTRIAL<\/strong><\/p>\n\n\n\n<p>El lloc web, incloent a t\u00edtol enunciatiu per\u00f2 no limitatiu la seva programaci\u00f3, edici\u00f3, compilaci\u00f3 i altres elements necessaris per al seu funcionament, els dissenys, logotips, text i\/o gr\u00e0fics s\u00f3n propietat del Responsable o en el seu cas disposa de llic\u00e8ncia o autoritzaci\u00f3 expressa per part dels autors.<\/p>\n\n\n\n<p>Tots els continguts del lloc web es troben degudament protegits per la normativa de propietat intel\u00b7lectual i industrial.<\/p>\n\n\n\n<p>Independentment de la finalitat per a la qual fossin destinats, la reproducci\u00f3 total o parcial, \u00fas, explotaci\u00f3, distribuci\u00f3 i comercialitzaci\u00f3, requereix en tot cas de l&#8217; autoritzaci\u00f3 escrita pr\u00e8via per part del Responsable. Qualsevol \u00fas no autoritzat pr\u00e8viament per part del Responsable ser\u00e0 considerat un incompliment greu dels drets de propietat intel\u00b7lectual o industrial de l&#8217;autor.<\/p>\n\n\n\n<p>Els dissenys, logotips, text i\/o gr\u00e0fics aliens al prestador i que poguessin apar\u00e8ixer al lloc web, pertanyen als seus respectius propietaris, sent ells mateixos responsables de qualsevol possible controv\u00e8rsia que pogu\u00e9s suscitar-se respecte als mateixos. En tot cas, El Responsable compta amb l&#8217; autoritzaci\u00f3 expressa i pr\u00e8via per part dels mateixos.<\/p>\n\n\n\n<p>El Responsable autoritza expressament que tercers puguin redirigir directament als continguts concrets del lloc web, havent de redirigir a la p\u00e0gina principal del lloc web del Responsable.<\/p>\n\n\n\n<p>El Responsable reconeix a favor dels seus titulars els corresponents drets de propietat intel\u00b7lectual i industrial, no implicant la seva sola menci\u00f3 o aparici\u00f3 en el lloc web l&#8217;exist\u00e8ncia de drets o cap responsabilitat del Responsable sobre els mateixos, com tampoc recolzament, patrocini o recomanaci\u00f3 per la seva part.<\/p>\n\n\n\n<p>Per a totes aquelles imatges en les quals el programari de disseny ho permet, s&#8217; han incl\u00f2s les refer\u00e8ncies corresponents a l&#8217; autoria i llic\u00e8ncia corresponent.<\/p>\n\n\n\n<p>Per realitzar qualsevol tipus d&#8217;observaci\u00f3 respecte a possibles incompliments dels drets de propietat intel\u00b7lectual o industrial, aix\u00ed com sobre qualsevol dels continguts del lloc web, pot fer-ho per escrit o correu electr\u00f2nic indicat a l&#8217;encap\u00e7alament.<\/p>\n\n\n\n<p><strong>SSL<\/strong><\/p>\n\n\n\n<p>El Responsable ha contractat per al seu lloc web un certificat SSL (&#8220;Secure Sockets Layer&#8221;).<\/p>\n\n\n\n<p>Un certificat SSL permet protegir tota la informaci\u00f3 personal i confidencial que es pugui manejar en un lloc web, independentment de la informaci\u00f3 que s&#8217;estigui transmetent, com per exemple, des de qualsevol dels formularis de contacte del lloc web fins al servidor, o les dades introdu\u00efdes per a la subscripci\u00f3 de butlletins de not\u00edcies o accessos a les \u00e0rees protegides,&nbsp; etc.<\/p>\n\n\n\n<p>L&#8217;adre\u00e7a del lloc web apareixer\u00e0 en color verd, activant-se el protocol &#8220;https&#8221; que permet connexions segures des d&#8217;un servidor web al navegador de l&#8217;usuari.<\/p>\n","protected":false},"excerpt":{"rendered":"<p>TITULAR DE LA WEB&nbsp;&nbsp;&nbsp;&nbsp;&nbsp;&nbsp;&nbsp;&nbsp;&nbsp;&nbsp;&nbsp;&nbsp;&nbsp;&nbsp; En compliment amb el deure d&#8217;informaci\u00f3 recollit a l&#8217;article 10 de la Llei 34\/2002, d&#8217;11 de juliol, de Serveis de la Societat de la Informaci\u00f3 i del Comer\u00e7 Electr\u00f2nic, a continuaci\u00f3 es reflecteixen les seg\u00fcents dades: Empreses titulars d&#8217; aquesta web: GROUP BOKOTO, S.L. C.I.F.: B67824375 Inscrit en el Registre mercantil: [&hellip;]<\/p>\n","protected":false},"author":1,"featured_media":0,"parent":0,"menu_order":0,"comment_status":"closed","ping_status":"closed","template":"","meta":{"footnotes":""},"class_list":["post-8269","page","type-page","status-publish","hentry"],"yoast_head":"<!-- This site is optimized with the Yoast SEO plugin v26.6 - https:\/\/yoast.com\/wordpress\/plugins\/seo\/ -->\n<title>Av\u00eds legal - Bokoto<\/title>\n<meta name=\"robots\" content=\"index, follow, max-snippet:-1, max-image-preview:large, max-video-preview:-1\" \/>\n<link rel=\"canonical\" href=\"https:\/\/bokoto.es\/ca\/avis-legal\/\" \/>\n<meta property=\"og:locale\" content=\"ca_ES\" \/>\n<meta property=\"og:type\" content=\"article\" \/>\n<meta property=\"og:title\" content=\"Av\u00eds legal - Bokoto\" \/>\n<meta property=\"og:description\" content=\"TITULAR DE LA WEB&nbsp;&nbsp;&nbsp;&nbsp;&nbsp;&nbsp;&nbsp;&nbsp;&nbsp;&nbsp;&nbsp;&nbsp;&nbsp;&nbsp; En compliment amb el deure d&#8217;informaci\u00f3 recollit a l&#8217;article 10 de la Llei 34\/2002, d&#8217;11 de juliol, de Serveis de la Societat de la Informaci\u00f3 i del Comer\u00e7 Electr\u00f2nic, a continuaci\u00f3 es reflecteixen les seg\u00fcents dades: Empreses titulars d&#8217; aquesta web: GROUP BOKOTO, S.L. C.I.F.: B67824375 Inscrit en el Registre mercantil: [&hellip;]\" \/>\n<meta property=\"og:url\" content=\"https:\/\/bokoto.es\/ca\/avis-legal\/\" \/>\n<meta property=\"og:site_name\" content=\"Bokoto\" \/>\n<meta property=\"article:modified_time\" content=\"2025-04-16T14:45:57+00:00\" \/>\n<meta name=\"twitter:card\" content=\"summary_large_image\" \/>\n<meta name=\"twitter:label1\" content=\"Temps estimat de lectura\" \/>\n\t<meta name=\"twitter:data1\" content=\"6 minuts\" \/>\n<script type=\"application\/ld+json\" class=\"yoast-schema-graph\">{\"@context\":\"https:\/\/schema.org\",\"@graph\":[{\"@type\":\"WebPage\",\"@id\":\"https:\/\/bokoto.es\/ca\/avis-legal\/\",\"url\":\"https:\/\/bokoto.es\/ca\/avis-legal\/\",\"name\":\"Av\u00eds legal - Bokoto\",\"isPartOf\":{\"@id\":\"https:\/\/bokoto.es\/ca\/#website\"},\"datePublished\":\"2024-12-13T11:35:08+00:00\",\"dateModified\":\"2025-04-16T14:45:57+00:00\",\"breadcrumb\":{\"@id\":\"https:\/\/bokoto.es\/ca\/avis-legal\/#breadcrumb\"},\"inLanguage\":\"ca\",\"potentialAction\":[{\"@type\":\"ReadAction\",\"target\":[\"https:\/\/bokoto.es\/ca\/avis-legal\/\"]}]},{\"@type\":\"BreadcrumbList\",\"@id\":\"https:\/\/bokoto.es\/ca\/avis-legal\/#breadcrumb\",\"itemListElement\":[{\"@type\":\"ListItem\",\"position\":1,\"name\":\"Portada\",\"item\":\"https:\/\/bokoto.es\/ca\/inici\/\"},{\"@type\":\"ListItem\",\"position\":2,\"name\":\"Av\u00eds legal\"}]},{\"@type\":\"WebSite\",\"@id\":\"https:\/\/bokoto.es\/ca\/#website\",\"url\":\"https:\/\/bokoto.es\/ca\/\",\"name\":\"Bokoto\",\"description\":\"Japanese Sushi Club\",\"publisher\":{\"@id\":\"https:\/\/bokoto.es\/ca\/#organization\"},\"potentialAction\":[{\"@type\":\"SearchAction\",\"target\":{\"@type\":\"EntryPoint\",\"urlTemplate\":\"https:\/\/bokoto.es\/ca\/?s={search_term_string}\"},\"query-input\":{\"@type\":\"PropertyValueSpecification\",\"valueRequired\":true,\"valueName\":\"search_term_string\"}}],\"inLanguage\":\"ca\"},{\"@type\":\"Organization\",\"@id\":\"https:\/\/bokoto.es\/ca\/#organization\",\"name\":\"Bokoto\",\"url\":\"https:\/\/bokoto.es\/ca\/\",\"logo\":{\"@type\":\"ImageObject\",\"inLanguage\":\"ca\",\"@id\":\"https:\/\/bokoto.es\/ca\/#\/schema\/logo\/image\/\",\"url\":\"https:\/\/bokoto.es\/wp-content\/uploads\/2023\/08\/LOGO-BOKOTO.jpg\",\"contentUrl\":\"https:\/\/bokoto.es\/wp-content\/uploads\/2023\/08\/LOGO-BOKOTO.jpg\",\"width\":563,\"height\":264,\"caption\":\"Bokoto\"},\"image\":{\"@id\":\"https:\/\/bokoto.es\/ca\/#\/schema\/logo\/image\/\"}}]}<\/script>\n<!-- \/ Yoast SEO plugin. -->","yoast_head_json":{"title":"Av\u00eds legal - Bokoto","robots":{"index":"index","follow":"follow","max-snippet":"max-snippet:-1","max-image-preview":"max-image-preview:large","max-video-preview":"max-video-preview:-1"},"canonical":"https:\/\/bokoto.es\/ca\/avis-legal\/","og_locale":"ca_ES","og_type":"article","og_title":"Av\u00eds legal - Bokoto","og_description":"TITULAR DE LA WEB&nbsp;&nbsp;&nbsp;&nbsp;&nbsp;&nbsp;&nbsp;&nbsp;&nbsp;&nbsp;&nbsp;&nbsp;&nbsp;&nbsp; En compliment amb el deure d&#8217;informaci\u00f3 recollit a l&#8217;article 10 de la Llei 34\/2002, d&#8217;11 de juliol, de Serveis de la Societat de la Informaci\u00f3 i del Comer\u00e7 Electr\u00f2nic, a continuaci\u00f3 es reflecteixen les seg\u00fcents dades: Empreses titulars d&#8217; aquesta web: GROUP BOKOTO, S.L. C.I.F.: B67824375 Inscrit en el Registre mercantil: [&hellip;]","og_url":"https:\/\/bokoto.es\/ca\/avis-legal\/","og_site_name":"Bokoto","article_modified_time":"2025-04-16T14:45:57+00:00","twitter_card":"summary_large_image","twitter_misc":{"Temps estimat de lectura":"6 minuts"},"schema":{"@context":"https:\/\/schema.org","@graph":[{"@type":"WebPage","@id":"https:\/\/bokoto.es\/ca\/avis-legal\/","url":"https:\/\/bokoto.es\/ca\/avis-legal\/","name":"Av\u00eds legal - Bokoto","isPartOf":{"@id":"https:\/\/bokoto.es\/ca\/#website"},"datePublished":"2024-12-13T11:35:08+00:00","dateModified":"2025-04-16T14:45:57+00:00","breadcrumb":{"@id":"https:\/\/bokoto.es\/ca\/avis-legal\/#breadcrumb"},"inLanguage":"ca","potentialAction":[{"@type":"ReadAction","target":["https:\/\/bokoto.es\/ca\/avis-legal\/"]}]},{"@type":"BreadcrumbList","@id":"https:\/\/bokoto.es\/ca\/avis-legal\/#breadcrumb","itemListElement":[{"@type":"ListItem","position":1,"name":"Portada","item":"https:\/\/bokoto.es\/ca\/inici\/"},{"@type":"ListItem","position":2,"name":"Av\u00eds legal"}]},{"@type":"WebSite","@id":"https:\/\/bokoto.es\/ca\/#website","url":"https:\/\/bokoto.es\/ca\/","name":"Bokoto","description":"Japanese Sushi Club","publisher":{"@id":"https:\/\/bokoto.es\/ca\/#organization"},"potentialAction":[{"@type":"SearchAction","target":{"@type":"EntryPoint","urlTemplate":"https:\/\/bokoto.es\/ca\/?s={search_term_string}"},"query-input":{"@type":"PropertyValueSpecification","valueRequired":true,"valueName":"search_term_string"}}],"inLanguage":"ca"},{"@type":"Organization","@id":"https:\/\/bokoto.es\/ca\/#organization","name":"Bokoto","url":"https:\/\/bokoto.es\/ca\/","logo":{"@type":"ImageObject","inLanguage":"ca","@id":"https:\/\/bokoto.es\/ca\/#\/schema\/logo\/image\/","url":"https:\/\/bokoto.es\/wp-content\/uploads\/2023\/08\/LOGO-BOKOTO.jpg","contentUrl":"https:\/\/bokoto.es\/wp-content\/uploads\/2023\/08\/LOGO-BOKOTO.jpg","width":563,"height":264,"caption":"Bokoto"},"image":{"@id":"https:\/\/bokoto.es\/ca\/#\/schema\/logo\/image\/"}}]}},"_links":{"self":[{"href":"https:\/\/bokoto.es\/ca\/wp-json\/wp\/v2\/pages\/8269","targetHints":{"allow":["GET"]}}],"collection":[{"href":"https:\/\/bokoto.es\/ca\/wp-json\/wp\/v2\/pages"}],"about":[{"href":"https:\/\/bokoto.es\/ca\/wp-json\/wp\/v2\/types\/page"}],"author":[{"embeddable":true,"href":"https:\/\/bokoto.es\/ca\/wp-json\/wp\/v2\/users\/1"}],"replies":[{"embeddable":true,"href":"https:\/\/bokoto.es\/ca\/wp-json\/wp\/v2\/comments?post=8269"}],"version-history":[{"count":5,"href":"https:\/\/bokoto.es\/ca\/wp-json\/wp\/v2\/pages\/8269\/revisions"}],"predecessor-version":[{"id":8569,"href":"https:\/\/bokoto.es\/ca\/wp-json\/wp\/v2\/pages\/8269\/revisions\/8569"}],"wp:attachment":[{"href":"https:\/\/bokoto.es\/ca\/wp-json\/wp\/v2\/media?parent=8269"}],"curies":[{"name":"wp","href":"https:\/\/api.w.org\/{rel}","templated":true}]}}