{"id":8304,"date":"2024-12-13T13:09:51","date_gmt":"2024-12-13T12:09:51","guid":{"rendered":"https:\/\/bokoto.es\/?page_id=8304"},"modified":"2025-04-16T16:54:08","modified_gmt":"2025-04-16T14:54:08","slug":"politica-de-privacitat","status":"publish","type":"page","link":"https:\/\/bokoto.es\/ca\/politica-de-privacitat\/","title":{"rendered":"Pol\u00edtica de privacitat"},"content":{"rendered":"\n<p>GRUP BOKOTO, informa els usuaris del lloc web sobre la seva pol\u00edtica respecte al tractament i protecci\u00f3 de les dades de car\u00e0cter personal dels usuaris i clients.<\/p>\n\n\n\n<p>I garanteix en tot moment l&#8217;\u00edntegre i ple compliment de les obligacions disposades per la normativa de protecci\u00f3 de dades i serveis de la societat de la informaci\u00f3: Reglament (UE) 2016\/679 del Parlament Europeu i del Consell, de 27 d&#8217;abril de 2016, relatiu a la protecci\u00f3 de les persones f\u00edsiques pel que fa al tractament de dades personals i a la lliure circulaci\u00f3 d&#8217;aquestes dades (RGPD),&nbsp; la normativa Llei Org\u00e0nica 3\/2018, de 5 de desembre, de Protecci\u00f3 de Dades Personals i garantia dels drets digitals (LOPDGDD) i la Llei 34\/2002, d&#8217;11 de juliol, de Serveis de la Societat de la Informaci\u00f3 i del Comer\u00e7 Electr\u00f2nic (LSSIce).<\/p>\n\n\n\n<p><strong>RESPONSABLE DEL TRACTAMENT<\/strong><\/p>\n\n\n\n<p>GRUP BOKOTO:<\/p>\n\n\n\n<p>GROUP BOKOTO, S.L.<\/p>\n\n\n\n<p>C.I.F.: B67824375<\/p>\n\n\n\n<p>Inscrit en el Registre mercantil: Tom 1640, Llibre 0, Foli 173, Secci\u00f3 8, Full L33911, Inscripci\u00f3 1a, Data 17\/12\/2021.<\/p>\n\n\n\n<p>KOR FOODS, S.L.<\/p>\n\n\n\n<p>C.I.F.: B09706169<\/p>\n\n\n\n<p>Inscrit en el Registre mercantil: Tom 1647, Llibre 0, Foli 209, Secci\u00f3 8, Full L33911, Inscripci\u00f3 1a, Data 04\/03\/2022.<\/p>\n\n\n\n<p>BOKOTO NORD, S.L.<\/p>\n\n\n\n<p>C.I.F.: B10874899<\/p>\n\n\n\n<p>Inscrit en el Registre mercantil: Tom 1661, Llibre 0, Foli 173, Secci\u00f3 8, Full L34219, Inscripci\u00f3 1a, Data 15\/07\/2022.<\/p>\n\n\n\n<p>BOKOTO SUSHI CLUB, S.L.<\/p>\n\n\n\n<p>C.I.F.: B25747718<\/p>\n\n\n\n<p>Inscrit en el Registre mercantil: Tom 1323, Llibre 0, Foli 202, Secci\u00f3 8, Full L26397, Inscripci\u00f3 1a, Data 09\/10\/2012.<\/p>\n\n\n\n<p>BOKOTO II, S.L.<\/p>\n\n\n\n<p>C.I.F.: B25783432<\/p>\n\n\n\n<p>Inscrit en el Registre mercantil: Tom 1391, Llibre 0, Foli 107, Secci\u00f3 8, Full L27907, Inscripci\u00f3 1a, Data 07\/08\/2014.<\/p>\n\n\n\n<p>Domicili: CARRER MAGI MORERA, 57 \u2013 25006 Lleida.<\/p>\n\n\n\n<p>Tel\u00e8fon: 973 22 13 97&nbsp;&nbsp;&nbsp;&nbsp;&nbsp;&nbsp;&nbsp;&nbsp;&nbsp;&nbsp;&nbsp;&nbsp;&nbsp;&nbsp;&nbsp;&nbsp;&nbsp;&nbsp;&nbsp;&nbsp;&nbsp;&nbsp;&nbsp;&nbsp;&nbsp;&nbsp;&nbsp;&nbsp;&nbsp;&nbsp;&nbsp;&nbsp;&nbsp;&nbsp;<\/p>\n\n\n\n<p>Correu electr\u00f2nic: clientes@bokoto.es<\/p>\n\n\n\n<p>En altres paraules, tant Group Bokoto, S.L. com les altres empreses del Grup Bokoto (en endavant, conjuntament &#8220;nosaltres&#8221; o &#8220;els corresponsables del tractament&#8221;), som <strong>corresponsables del tractament<\/strong>. Aix\u00f2 vol dir que hem regulat i ens fem c\u00e0rrec conjuntament de tractar i protegir les teves dades personals.<\/p>\n\n\n\n<p><strong>FINALITATS DEL TRACTAMENT DE LES DADES<\/strong><\/p>\n\n\n\n<p>Les dades facilitades per l&#8217; Usuari s\u00f3n utilitzades amb diverses finalitats que s&#8217; enumeren a continuaci\u00f3:<\/p>\n\n\n\n<figure class=\"wp-block-table\"><table class=\"has-fixed-layout\"><tbody><tr><td><strong>Finalitat del tractament<\/strong><\/td><td><strong>Base jur\u00eddica per al tractament<\/strong><\/td><\/tr><tr><td>Gestionar les consultes o qualsevol tipus de petici\u00f3 que sigui realitzada a trav\u00e9s de les formes de contacte que es posen a disposici\u00f3 a la p\u00e0gina web.<\/td><td>Inter\u00e8s leg\u00edtim de la Societat per atendre els requeriments d&#8217; informaci\u00f3 a trav\u00e9s del web. Consentiment prestat de forma expressa en el moment de recollida de les dades a trav\u00e9s dels formularis web.<\/td><\/tr><tr><td>Tramesa de newsletters, comunicacions comercials i promocions.<\/td><td>Consentiment prestat de forma expressa en el moment de recollida de les dades a trav\u00e9s dels formularis web.<\/td><\/tr><tr><td>Crear i gestionar el teu registre com a Usuari.<\/td><td>Consentiment prestat de forma expressa en el moment de recollida de les dades a trav\u00e9s dels formularis web.<\/td><\/tr><tr><td>Per al desenvolupament, compliment i execuci\u00f3 del contracte de compravenda o de serveis que hagis contractat a trav\u00e9s de la nostra web.<\/td><td>Consentiment prestat de forma expressa en el moment de recollida de les dades a trav\u00e9s dels formularis web. Considerem que tenim un inter\u00e8s leg\u00edtim per realitzar les comprovacions necess\u00e0ries per detectar i prevenir possibles fraus quan realitzes una compra. Execuci\u00f3 d&#8217; un contracte.<\/td><\/tr><tr><td>Realitzar la gesti\u00f3 comptable.<\/td><td>Execuci\u00f3 d&#8217; un contracte.<\/td><\/tr><tr><td>Complir amb les obligacions fiscals vigents.<\/td><td>Compliment d&#8217; obligacions legals que ens siguin d&#8217; aplicaci\u00f3.<\/td><\/tr><tr><td>Gestionar les incid\u00e8ncies i el manteniment del web.<\/td><td>Inter\u00e8s leg\u00edtim de la Societat.<\/td><\/tr><\/tbody><\/table><\/figure>\n\n\n\n<p><strong>TERMINI DE CONSERVACI\u00d3 DE LES DADES<\/strong><\/p>\n\n\n\n<figure class=\"wp-block-table\"><table class=\"has-fixed-layout\"><tbody><tr><td><strong>Finalitat del tractament<\/strong><\/td><td><strong>Termini de conservaci\u00f3<\/strong><\/td><\/tr><tr><td>Gestionar les consultes o qualsevol tipus de petici\u00f3 que sigui realitzada a trav\u00e9s de les formes de contacte que es posen a disposici\u00f3 a la p\u00e0gina web.<\/td><td>Tractarem les teves dades durant el temps que sigui necessari per atendre la teva sol\u00b7licitud o petici\u00f3.<\/td><\/tr><tr><td>Tramesa de newsletters, comunicacions comercials i promocions.<\/td><td>Tractarem les teves dades fins que et donin de baixa.<\/td><\/tr><tr><td>Crear i gestionar el teu registre com a Usuari.<\/td><td>Tractarem les teves dades durant el temps en qu\u00e8 mantinguis la condici\u00f3 d&#8217;usuari registrat (\u00e9s a dir, fins que decideixis donar-te de baixa).<\/td><\/tr><tr><td>Per al desenvolupament, compliment i execuci\u00f3 del contracte de compravenda o de serveis que hagis contractat a trav\u00e9s de la nostra web.<\/td><td>Tractarem les teves dades durant el temps necessari per gestionar la compra dels productes o serveis que hagis adquirit, incloent-hi possibles devolucions, queixes o reclamacions associades a la compra del producte o servei en particular.<\/td><\/tr><tr><td>Realitzar la gesti\u00f3 comptable.<\/td><td>Tractarem les seves dades durant el temps necessari per complir els terminis legals de prescripci\u00f3 que li resultin d&#8217; aplicaci\u00f3.<\/td><\/tr><tr><td>Complir amb les obligacions fiscals vigents.<\/td><td>Tractarem les seves dades durant el temps necessari per complir els terminis legals de prescripci\u00f3 que li resultin d&#8217; aplicaci\u00f3.<\/td><\/tr><tr><td>Gestionar les incid\u00e8ncies i el manteniment del web.<\/td><td>Tractarem les seves dades durant el temps necessari per complir els terminis legals de prescripci\u00f3 que li resultin d&#8217; aplicaci\u00f3.<\/td><\/tr><\/tbody><\/table><\/figure>\n\n\n\n<p><strong>DESTINATARIS DE LES DADES<\/strong><\/p>\n\n\n\n<p>Per complir les finalitats indicades en la present Pol\u00edtica de Privacitat, cal que donem acc\u00e9s a les teves dades personals a terceres parts que ens prestin suport en els serveis que t&#8217;oferim (Encarregats de Tractament), a saber:<\/p>\n\n\n\n<p>&#8211; Entitats financeres<\/p>\n\n\n\n<p>&#8211; Prove\u00efdors de serveis tecnol\u00f2gics<\/p>\n\n\n\n<p>&#8211; Prove\u00efdors i col\u00b7laboradors de serveis de log\u00edstica, transport i lliurament.<\/p>\n\n\n\n<p>&#8211; Prove\u00efdors i col\u00b7laboradors de serveis relacionats amb m\u00e0rqueting i publicitat.<\/p>\n\n\n\n<p>Els encarregats de tractament per a l&#8217; execuci\u00f3 d&#8217; un contracte o prestaci\u00f3 d&#8217; un servei al responsable, seguint per aix\u00f2 les seves instruccions en tot moment i assegurant els mateixos nivells de seguretat.<\/p>\n\n\n\n<p><strong>COOKIES<\/strong><\/p>\n\n\n\n<p>Pel que fa a l&#8217;\u00fas de les cookies i altres tecnologies de seguiment, consulteu la Pol\u00edtica de Cookies d&#8217;aquest Lloc Web. En aquest cas, la base legal per al tractament de les seves dades \u00e9s el seu consentiment atorgat en acceptar la c\u00e0rrega de les cookies en el seu navegador.<\/p>\n\n\n\n<p><strong>DRETS DELS USUARIS<\/strong><\/p>\n\n\n\n<p>L&#8217; usuari t\u00e9 dret a:<\/p>\n\n\n\n<ul class=\"wp-block-list\">\n<li>Sol\u00b7licitar l&#8217;acc\u00e9s a les seves dades personals que s&#8217;estan tractant i rebre aquesta informaci\u00f3 per escrit pel mitj\u00e0 sol\u00b7licitat.<\/li>\n\n\n\n<li>Sol\u00b7licitar la rectificaci\u00f3 de les dades personals inexactes o, si s&#8217;escau, sol\u00b7licitar la seva supressi\u00f3 quan, entre altres motius, les dades ja no siguin necess\u00e0ries per a la finalitat per les quals van ser recollides.<\/li>\n\n\n\n<li>Sol\u00b7licitar la limitaci\u00f3 del tractament de les seves dades.<\/li>\n\n\n\n<li>Oposar-se al tractament de les seves dades personals quan escaigui, cas en el qual es deixaran de tractar les seves dades excepte per motius leg\u00edtims.<\/li>\n\n\n\n<li>Dret a la portabilitat de les seves dades personals quan el tractament estigui basat en un consentiment i s&#8217; efectu\u00ef per mitjans automatitzats. les dades es lliuraran de forma estructurada, \u00fas com\u00fa i lectura mec\u00e0nica.<\/li>\n\n\n\n<li>Dret a retirar el consentiment prestat.<\/li>\n\n\n\n<li>Dret a reclamar davant l&#8217; ag\u00e8ncia espanyola de protecci\u00f3 de dades.<\/li>\n<\/ul>\n\n\n\n<p>L&#8217; Usuari pot exercitar els drets anteriorment indicats a l&#8217; adre\u00e7a de correu postal o electr\u00f2nica del Responsable, acreditant la seva identitat amb una c\u00f2pia escanejada del seu DNI o document equivalent, i especificant el dret que desitja exercir.<\/p>\n\n\n\n<p><strong>PROCED\u00c8NCIA DE LES DADES<\/strong><\/p>\n\n\n\n<p>Les dades personals seran facilitades pel mateix interessat de forma absolutament volunt\u00e0ria.&nbsp; La manca de facilitar determinades dades o preguntes que poguessin formular-se en els processos de registre o en els diferents formularis electr\u00f2nics que se li presentin a l&#8217;Usuari, pot provocar la impossibilitat d&#8217;acc\u00e9s a determinats serveis per a la prestaci\u00f3 dels quals \u00e9s imprescindible disposar de les dades de car\u00e0cter personal, en aquest cas El Responsable informar\u00e0 del car\u00e0cter obligatori i\/o necessari de facilitar les dades personals per al funcionament del servei.<\/p>\n\n\n\n<p>El Responsable li assegura la confidencialitat de les seves dades personals i li garanteix la seguretat dels mateixos, adoptant les mesures necess\u00e0ries per evitar la seva alteraci\u00f3, p\u00e8rdua, tractament o acc\u00e9s no autoritzat.<\/p>\n\n\n\n<h4 class=\"wp-block-heading\">&nbsp;<\/h4>\n\n\n\n<p><strong>INFORMACI\u00d3 FACILITADA PER L&#8217; USUARI<\/strong><\/p>\n\n\n\n<p>Els i les menors de 18 anys no poden cedir les seves dades personals sense el previ consentiment del seu pare\/mare i\/o tutors legals.<\/p>\n\n\n\n<p>Els Usuaris, introduint les seves dades en els formularis de contacte o presentats en formularis de desc\u00e0rrega, accepten expressament i de forma lliure i inequ\u00edvoca, que les seves dades s\u00f3n necess\u00e0ries per atendre la seva petici\u00f3, per part del Responsable, essent volunt\u00e0ria la inclusi\u00f3 de dades en els camps restants.<\/p>\n\n\n\n<p>L&#8217;Usuari garanteix que les dades personals facilitades s\u00f3n veraces i es fa responsable de comunicar-ne qualsevol modificaci\u00f3.<\/p>\n\n\n\n<p>Totes les dades sol\u00b7licitades a trav\u00e9s del lloc web s\u00f3n necess\u00e0ries per a la prestaci\u00f3 d&#8217;un servei \u00f2ptim a l&#8217;Usuari. En cas que no siguin facilitades totes les dades, no es garanteix que la informaci\u00f3 i serveis que El Responsable li faciliti, siguin completament ajustades a les seves necessitats.<\/p>\n\n\n\n<p><strong>MESURES DE SEGURETAT<\/strong><\/p>\n\n\n\n<p>Que de conformitat amb el que disposen les normatives vigents en mat\u00e8ria de protecci\u00f3 de dades personals, El Responsable est\u00e0 complint amb totes les disposicions de les normatives RGPD i LOPDGDD per al tractament de les dades personals de la seva responsabilitat, les quals s\u00f3n tractades de manera l\u00edcita, lleial i transparent en relaci\u00f3 amb l&#8217; interessat i adequats,&nbsp; pertinents i limitats al necessari en relaci\u00f3 amb els fins per als quals s\u00f3n tractats.<\/p>\n\n\n\n<p>El Responsable garanteix que ha implementat pol\u00edtiques t\u00e8cniques i organitzatives apropiades per aplicar les mesures de seguretat que estableixen el RGPD i la LOPDGDD per tal de protegir els drets i llibertats dels Usuaris i els ha comunicat la informaci\u00f3 adequada perqu\u00e8 puguin exercir-los.<\/p>\n\n\n\n<p><strong>BRETXES DE SEGURETAT<\/strong><\/p>\n\n\n\n<p>El Responsable informar\u00e0 sobre qualsevol bretxa de seguretat que afecti la base de dades que utilitza aquest lloc web, o que afecti qualsevol dels nostres serveis de tercers, totes i cadascuna de les persones, dades de les quals puguin haver estat afectades, i autoritats, dins de les 72 hores seg\u00fcents a la detecci\u00f3 de la bretxa.<\/p>\n\n\n\n<p><strong>LEGISLACI\u00d3 APLICABLE I JURISDICCI\u00d3<\/strong><\/p>\n\n\n\n<p>Es reserva la facultat de presentar les accions civils o penals que consideri necess\u00e0ries per la utilitzaci\u00f3 indeguda del Lloc Web i Continguts.<\/p>\n\n\n\n<p>La relaci\u00f3 entre l&#8217; Usuari i el Responsable es regir\u00e0 per la normativa vigent i d&#8217; aplicaci\u00f3 al territori espanyol. De sorgir qualsevol controv\u00e8rsia en relaci\u00f3 amb la interpretaci\u00f3 i\/o a l&#8217;aplicaci\u00f3, les parts sotmetran els seus conflictes a la jurisdicci\u00f3 ordin\u00e0ria sotmetent-se als jutges i tribunals que corresponguin conforme a dret.<\/p>\n","protected":false},"excerpt":{"rendered":"<p>GRUP BOKOTO, informa els usuaris del lloc web sobre la seva pol\u00edtica respecte al tractament i protecci\u00f3 de les dades de car\u00e0cter personal dels usuaris i clients. I garanteix en tot moment l&#8217;\u00edntegre i ple compliment de les obligacions disposades per la normativa de protecci\u00f3 de dades i serveis de la societat de la informaci\u00f3: [&hellip;]<\/p>\n","protected":false},"author":1,"featured_media":0,"parent":0,"menu_order":0,"comment_status":"closed","ping_status":"closed","template":"","meta":{"footnotes":""},"class_list":["post-8304","page","type-page","status-publish","hentry"],"yoast_head":"<!-- This site is optimized with the Yoast SEO plugin v26.6 - https:\/\/yoast.com\/wordpress\/plugins\/seo\/ -->\n<title>Pol\u00edtica de privacitat - Bokoto<\/title>\n<meta name=\"robots\" content=\"index, follow, max-snippet:-1, max-image-preview:large, max-video-preview:-1\" \/>\n<link rel=\"canonical\" href=\"https:\/\/bokoto.es\/ca\/politica-de-privacitat\/\" \/>\n<meta property=\"og:locale\" content=\"ca_ES\" \/>\n<meta property=\"og:type\" content=\"article\" \/>\n<meta property=\"og:title\" content=\"Pol\u00edtica de privacitat - Bokoto\" \/>\n<meta property=\"og:description\" content=\"GRUP BOKOTO, informa els usuaris del lloc web sobre la seva pol\u00edtica respecte al tractament i protecci\u00f3 de les dades de car\u00e0cter personal dels usuaris i clients. I garanteix en tot moment l&#8217;\u00edntegre i ple compliment de les obligacions disposades per la normativa de protecci\u00f3 de dades i serveis de la societat de la informaci\u00f3: [&hellip;]\" \/>\n<meta property=\"og:url\" content=\"https:\/\/bokoto.es\/ca\/politica-de-privacitat\/\" \/>\n<meta property=\"og:site_name\" content=\"Bokoto\" \/>\n<meta property=\"article:modified_time\" content=\"2025-04-16T14:54:08+00:00\" \/>\n<meta name=\"twitter:card\" content=\"summary_large_image\" \/>\n<meta name=\"twitter:label1\" content=\"Temps estimat de lectura\" \/>\n\t<meta name=\"twitter:data1\" content=\"8 minuts\" \/>\n<script type=\"application\/ld+json\" class=\"yoast-schema-graph\">{\"@context\":\"https:\/\/schema.org\",\"@graph\":[{\"@type\":\"WebPage\",\"@id\":\"https:\/\/bokoto.es\/ca\/politica-de-privacitat\/\",\"url\":\"https:\/\/bokoto.es\/ca\/politica-de-privacitat\/\",\"name\":\"Pol\u00edtica de privacitat - Bokoto\",\"isPartOf\":{\"@id\":\"https:\/\/bokoto.es\/ca\/#website\"},\"datePublished\":\"2024-12-13T12:09:51+00:00\",\"dateModified\":\"2025-04-16T14:54:08+00:00\",\"breadcrumb\":{\"@id\":\"https:\/\/bokoto.es\/ca\/politica-de-privacitat\/#breadcrumb\"},\"inLanguage\":\"ca\",\"potentialAction\":[{\"@type\":\"ReadAction\",\"target\":[\"https:\/\/bokoto.es\/ca\/politica-de-privacitat\/\"]}]},{\"@type\":\"BreadcrumbList\",\"@id\":\"https:\/\/bokoto.es\/ca\/politica-de-privacitat\/#breadcrumb\",\"itemListElement\":[{\"@type\":\"ListItem\",\"position\":1,\"name\":\"Portada\",\"item\":\"https:\/\/bokoto.es\/ca\/inici\/\"},{\"@type\":\"ListItem\",\"position\":2,\"name\":\"Pol\u00edtica de privacitat\"}]},{\"@type\":\"WebSite\",\"@id\":\"https:\/\/bokoto.es\/ca\/#website\",\"url\":\"https:\/\/bokoto.es\/ca\/\",\"name\":\"Bokoto\",\"description\":\"Japanese Sushi Club\",\"publisher\":{\"@id\":\"https:\/\/bokoto.es\/ca\/#organization\"},\"potentialAction\":[{\"@type\":\"SearchAction\",\"target\":{\"@type\":\"EntryPoint\",\"urlTemplate\":\"https:\/\/bokoto.es\/ca\/?s={search_term_string}\"},\"query-input\":{\"@type\":\"PropertyValueSpecification\",\"valueRequired\":true,\"valueName\":\"search_term_string\"}}],\"inLanguage\":\"ca\"},{\"@type\":\"Organization\",\"@id\":\"https:\/\/bokoto.es\/ca\/#organization\",\"name\":\"Bokoto\",\"url\":\"https:\/\/bokoto.es\/ca\/\",\"logo\":{\"@type\":\"ImageObject\",\"inLanguage\":\"ca\",\"@id\":\"https:\/\/bokoto.es\/ca\/#\/schema\/logo\/image\/\",\"url\":\"https:\/\/bokoto.es\/wp-content\/uploads\/2023\/08\/LOGO-BOKOTO.jpg\",\"contentUrl\":\"https:\/\/bokoto.es\/wp-content\/uploads\/2023\/08\/LOGO-BOKOTO.jpg\",\"width\":563,\"height\":264,\"caption\":\"Bokoto\"},\"image\":{\"@id\":\"https:\/\/bokoto.es\/ca\/#\/schema\/logo\/image\/\"}}]}<\/script>\n<!-- \/ Yoast SEO plugin. -->","yoast_head_json":{"title":"Pol\u00edtica de privacitat - Bokoto","robots":{"index":"index","follow":"follow","max-snippet":"max-snippet:-1","max-image-preview":"max-image-preview:large","max-video-preview":"max-video-preview:-1"},"canonical":"https:\/\/bokoto.es\/ca\/politica-de-privacitat\/","og_locale":"ca_ES","og_type":"article","og_title":"Pol\u00edtica de privacitat - Bokoto","og_description":"GRUP BOKOTO, informa els usuaris del lloc web sobre la seva pol\u00edtica respecte al tractament i protecci\u00f3 de les dades de car\u00e0cter personal dels usuaris i clients. I garanteix en tot moment l&#8217;\u00edntegre i ple compliment de les obligacions disposades per la normativa de protecci\u00f3 de dades i serveis de la societat de la informaci\u00f3: [&hellip;]","og_url":"https:\/\/bokoto.es\/ca\/politica-de-privacitat\/","og_site_name":"Bokoto","article_modified_time":"2025-04-16T14:54:08+00:00","twitter_card":"summary_large_image","twitter_misc":{"Temps estimat de lectura":"8 minuts"},"schema":{"@context":"https:\/\/schema.org","@graph":[{"@type":"WebPage","@id":"https:\/\/bokoto.es\/ca\/politica-de-privacitat\/","url":"https:\/\/bokoto.es\/ca\/politica-de-privacitat\/","name":"Pol\u00edtica de privacitat - Bokoto","isPartOf":{"@id":"https:\/\/bokoto.es\/ca\/#website"},"datePublished":"2024-12-13T12:09:51+00:00","dateModified":"2025-04-16T14:54:08+00:00","breadcrumb":{"@id":"https:\/\/bokoto.es\/ca\/politica-de-privacitat\/#breadcrumb"},"inLanguage":"ca","potentialAction":[{"@type":"ReadAction","target":["https:\/\/bokoto.es\/ca\/politica-de-privacitat\/"]}]},{"@type":"BreadcrumbList","@id":"https:\/\/bokoto.es\/ca\/politica-de-privacitat\/#breadcrumb","itemListElement":[{"@type":"ListItem","position":1,"name":"Portada","item":"https:\/\/bokoto.es\/ca\/inici\/"},{"@type":"ListItem","position":2,"name":"Pol\u00edtica de privacitat"}]},{"@type":"WebSite","@id":"https:\/\/bokoto.es\/ca\/#website","url":"https:\/\/bokoto.es\/ca\/","name":"Bokoto","description":"Japanese Sushi Club","publisher":{"@id":"https:\/\/bokoto.es\/ca\/#organization"},"potentialAction":[{"@type":"SearchAction","target":{"@type":"EntryPoint","urlTemplate":"https:\/\/bokoto.es\/ca\/?s={search_term_string}"},"query-input":{"@type":"PropertyValueSpecification","valueRequired":true,"valueName":"search_term_string"}}],"inLanguage":"ca"},{"@type":"Organization","@id":"https:\/\/bokoto.es\/ca\/#organization","name":"Bokoto","url":"https:\/\/bokoto.es\/ca\/","logo":{"@type":"ImageObject","inLanguage":"ca","@id":"https:\/\/bokoto.es\/ca\/#\/schema\/logo\/image\/","url":"https:\/\/bokoto.es\/wp-content\/uploads\/2023\/08\/LOGO-BOKOTO.jpg","contentUrl":"https:\/\/bokoto.es\/wp-content\/uploads\/2023\/08\/LOGO-BOKOTO.jpg","width":563,"height":264,"caption":"Bokoto"},"image":{"@id":"https:\/\/bokoto.es\/ca\/#\/schema\/logo\/image\/"}}]}},"_links":{"self":[{"href":"https:\/\/bokoto.es\/ca\/wp-json\/wp\/v2\/pages\/8304","targetHints":{"allow":["GET"]}}],"collection":[{"href":"https:\/\/bokoto.es\/ca\/wp-json\/wp\/v2\/pages"}],"about":[{"href":"https:\/\/bokoto.es\/ca\/wp-json\/wp\/v2\/types\/page"}],"author":[{"embeddable":true,"href":"https:\/\/bokoto.es\/ca\/wp-json\/wp\/v2\/users\/1"}],"replies":[{"embeddable":true,"href":"https:\/\/bokoto.es\/ca\/wp-json\/wp\/v2\/comments?post=8304"}],"version-history":[{"count":2,"href":"https:\/\/bokoto.es\/ca\/wp-json\/wp\/v2\/pages\/8304\/revisions"}],"predecessor-version":[{"id":8571,"href":"https:\/\/bokoto.es\/ca\/wp-json\/wp\/v2\/pages\/8304\/revisions\/8571"}],"wp:attachment":[{"href":"https:\/\/bokoto.es\/ca\/wp-json\/wp\/v2\/media?parent=8304"}],"curies":[{"name":"wp","href":"https:\/\/api.w.org\/{rel}","templated":true}]}}